{"id":10,"date":"2020-07-19T17:30:51","date_gmt":"2020-07-19T15:30:51","guid":{"rendered":"http:\/\/grangeduchateau.be\/?page_id=10"},"modified":"2022-11-24T12:25:58","modified_gmt":"2022-11-24T11:25:58","slug":"accueil-gite-la-grange-du-chateau","status":"publish","type":"page","link":"https:\/\/grangeduchateau.be\/","title":{"rendered":"Accueil"},"content":{"rendered":"\n<div class=\"wp-block-columns is-layout-flex wp-container-core-columns-is-layout-9d6595d7 wp-block-columns-is-layout-flex\">\n<div class=\"wp-block-column is-layout-flow wp-block-column-is-layout-flow\" style=\"flex-basis:25%\"><div class=\"wp-block-image\">\n<figure class=\"aligncenter size-medium\"><img fetchpriority=\"high\" decoding=\"async\" width=\"300\" height=\"175\" src=\"https:\/\/grangeduchateau.be\/wp-content\/uploads\/2021\/11\/cropped-logo_vf_enattentedapprobation_Plan-de-travail-1-e1639429210662-300x175.png\" alt=\"\" class=\"wp-image-315\" srcset=\"https:\/\/grangeduchateau.be\/wp-content\/uploads\/2021\/11\/cropped-logo_vf_enattentedapprobation_Plan-de-travail-1-e1639429210662-300x175.png 300w, https:\/\/grangeduchateau.be\/wp-content\/uploads\/2021\/11\/cropped-logo_vf_enattentedapprobation_Plan-de-travail-1-e1639429210662.png 550w\" sizes=\"(max-width: 300px) 100vw, 300px\" \/><\/figure>\n<\/div><\/div>\n\n\n\n<div class=\"wp-block-column is-vertically-aligned-center is-layout-flow wp-block-column-is-layout-flow\" style=\"flex-basis:50%\">\n<p class=\"has-text-align-center has-medium-font-size\">Bienvenue au G\u00eete rural \u00ab\u00a0La Grange du Ch\u00e2teau\u00a0\u00bb<\/p>\n<\/div>\n\n\n\n<div class=\"wp-block-column is-layout-flow wp-block-column-is-layout-flow\" style=\"flex-basis:25%\"><div class=\"wp-block-image\">\n<figure class=\"aligncenter size-full is-resized\"><img decoding=\"async\" src=\"https:\/\/grangeduchateau.be\/wp-content\/uploads\/2022\/11\/gite-rural-3-epis-region-wallonne-e1669277963686.png\" alt=\"logo g\u00eete rural 3 \u00e9pis\" class=\"wp-image-569\" height=\"150\"\/><\/figure>\n<\/div><\/div>\n<\/div>\n\n\n\n<p>Id\u00e9alement situ\u00e9 sur la place d&rsquo;Estaimbourg \u00e0 l&rsquo;abri des regards, la grange d&rsquo;une ancienne petite ferme de village a \u00e9t\u00e9 am\u00e9nag\u00e9e en 2021 pour accueillir de 10 \u00e0 12 personnes.<\/p>\n\n\n\n<p>Vous aimez les cit\u00e9s d&rsquo;art et d&rsquo;histoire, les mus\u00e9es ou les activit\u00e9s sportives, venez d\u00e9couvrir ce que peuvent vous proposer Tournai, Courtrai, Lille ou encore profiter du parc du domaine de Bourgogne.<\/p>\n\n\n\n<p>Un week-end en famille ou entre amis. Promenades \u00e0 pied, \u00e0 v\u00e9lo, \u00e0 moto, vous pourrez m\u00eame stocker votre deux roues en toute s\u00e9curit\u00e9 dans l&rsquo;enceinte du g\u00eete.<\/p>\n\n\n\n<p>La proximit\u00e9 imm\u00e9diate des salles de r\u00e9ception du ch\u00e2teau du Biez et du ch\u00e2teau de Bourgogne en fait le lieu id\u00e9al pour accueillir les familles et participants aux diff\u00e9rents \u00e9v\u00e8nements.<\/p>\n\n\n\n<figure class=\"wp-block-pullquote\"><blockquote><p>Sophie et Thierry vous accueillent depuis le 16 f\u00e9vrier 2022 vous pouvez d\u00e8s \u00e0 pr\u00e9sent r\u00e9server le g\u00eete.<\/p><\/blockquote><\/figure>\n","protected":false},"excerpt":{"rendered":"<p>Bienvenue au G\u00eete rural \u00ab\u00a0La Grange du Ch\u00e2teau\u00a0\u00bb Id\u00e9alement situ\u00e9 sur la place d&rsquo;Estaimbourg \u00e0 l&rsquo;abri des regards, la grange d&rsquo;une ancienne petite ferme de village a \u00e9t\u00e9 am\u00e9nag\u00e9e en 2021 pour accueillir de 10 \u00e0 12 personnes. Vous aimez les cit\u00e9s d&rsquo;art et d&rsquo;histoire, les mus\u00e9es ou les activit\u00e9s sportives, venez d\u00e9couvrir ce que peuvent vous proposer Tournai, Courtrai, Lille ou encore profiter du parc du domaine de Bourgogne. Un week-end en famille ou entre amis. Promenades \u00e0 pied, \u00e0 v\u00e9lo, \u00e0 moto, vous pourrez m\u00eame stocker votre deux roues en toute s\u00e9curit\u00e9 dans l&rsquo;enceinte du g\u00eete. La proximit\u00e9 imm\u00e9diate des salles de r\u00e9ception du ch\u00e2teau du Biez et du ch\u00e2teau de Bourgogne en fait le lieu id\u00e9al pour accueillir les familles et participants aux diff\u00e9rents \u00e9v\u00e8nements. Sophie et Thierry vous accueillent depuis le 16 f\u00e9vrier 2022 vous pouvez d\u00e8s \u00e0 pr\u00e9sent r\u00e9server le g\u00eete.<\/p>\n","protected":false},"author":1,"featured_media":0,"parent":0,"menu_order":0,"comment_status":"closed","ping_status":"closed","template":"","meta":{"footnotes":""},"class_list":["post-10","page","type-page","status-publish","hentry"],"yoast_head":"<!-- This site is optimized with the Yoast SEO plugin v27.4 - https:\/\/yoast.com\/product\/yoast-seo-wordpress\/ -->\n<title>Accueil - La Grange du Ch\u00e2teau<\/title>\n<meta name=\"description\" content=\"Bienvenue au G\u00eete &quot;La Grange du Ch\u00e2teau&quot; \u00e0 proximit\u00e9 imm\u00e9diate des salles de r\u00e9ception du ch\u00e2teau du Biez et du ch\u00e2teau de Bourgogne\" \/>\n<meta name=\"robots\" content=\"index, follow, max-snippet:-1, max-image-preview:large, max-video-preview:-1\" \/>\n<link rel=\"canonical\" href=\"https:\/\/grangeduchateau.be\/\" \/>\n<meta property=\"og:locale\" content=\"fr_FR\" \/>\n<meta property=\"og:type\" content=\"article\" \/>\n<meta property=\"og:title\" content=\"Accueil - La Grange du Ch\u00e2teau\" \/>\n<meta property=\"og:description\" content=\"Bienvenue au G\u00eete &quot;La Grange du Ch\u00e2teau&quot; \u00e0 proximit\u00e9 imm\u00e9diate des salles de r\u00e9ception du ch\u00e2teau du Biez et du ch\u00e2teau de Bourgogne\" \/>\n<meta property=\"og:url\" content=\"https:\/\/grangeduchateau.be\/\" \/>\n<meta property=\"og:site_name\" content=\"La Grange du Ch\u00e2teau\" \/>\n<meta property=\"article:publisher\" content=\"https:\/\/www.facebook.com\/Lagrangeduchateau\" \/>\n<meta property=\"article:modified_time\" content=\"2022-11-24T11:25:58+00:00\" \/>\n<meta property=\"og:image\" content=\"https:\/\/grangeduchateau.be\/wp-content\/uploads\/2021\/11\/cropped-logo_vf_enattentedapprobation_Plan-de-travail-1-e1639429210662-300x175.png\" \/>\n<meta name=\"twitter:card\" content=\"summary_large_image\" \/>\n<meta name=\"twitter:label1\" content=\"Dur\u00e9e de lecture estim\u00e9e\" \/>\n\t<meta name=\"twitter:data1\" content=\"2 minutes\" \/>\n<script type=\"application\/ld+json\" class=\"yoast-schema-graph\">{\"@context\":\"https:\\\/\\\/schema.org\",\"@graph\":[{\"@type\":\"WebPage\",\"@id\":\"https:\\\/\\\/grangeduchateau.be\\\/\",\"url\":\"https:\\\/\\\/grangeduchateau.be\\\/\",\"name\":\"Accueil - La Grange du Ch\u00e2teau\",\"isPartOf\":{\"@id\":\"https:\\\/\\\/grangeduchateau.be\\\/#website\"},\"primaryImageOfPage\":{\"@id\":\"https:\\\/\\\/grangeduchateau.be\\\/#primaryimage\"},\"image\":{\"@id\":\"https:\\\/\\\/grangeduchateau.be\\\/#primaryimage\"},\"thumbnailUrl\":\"https:\\\/\\\/grangeduchateau.be\\\/wp-content\\\/uploads\\\/2021\\\/11\\\/cropped-logo_vf_enattentedapprobation_Plan-de-travail-1-e1639429210662-300x175.png\",\"datePublished\":\"2020-07-19T15:30:51+00:00\",\"dateModified\":\"2022-11-24T11:25:58+00:00\",\"description\":\"Bienvenue au G\u00eete \\\"La Grange du Ch\u00e2teau\\\" \u00e0 proximit\u00e9 imm\u00e9diate des salles de r\u00e9ception du ch\u00e2teau du Biez et du ch\u00e2teau de Bourgogne\",\"breadcrumb\":{\"@id\":\"https:\\\/\\\/grangeduchateau.be\\\/#breadcrumb\"},\"inLanguage\":\"fr-FR\",\"potentialAction\":[{\"@type\":\"ReadAction\",\"target\":[\"https:\\\/\\\/grangeduchateau.be\\\/\"]}]},{\"@type\":\"ImageObject\",\"inLanguage\":\"fr-FR\",\"@id\":\"https:\\\/\\\/grangeduchateau.be\\\/#primaryimage\",\"url\":\"https:\\\/\\\/grangeduchateau.be\\\/wp-content\\\/uploads\\\/2021\\\/11\\\/cropped-logo_vf_enattentedapprobation_Plan-de-travail-1-e1639429210662.png\",\"contentUrl\":\"https:\\\/\\\/grangeduchateau.be\\\/wp-content\\\/uploads\\\/2021\\\/11\\\/cropped-logo_vf_enattentedapprobation_Plan-de-travail-1-e1639429210662.png\",\"width\":550,\"height\":321},{\"@type\":\"BreadcrumbList\",\"@id\":\"https:\\\/\\\/grangeduchateau.be\\\/#breadcrumb\",\"itemListElement\":[{\"@type\":\"ListItem\",\"position\":1,\"name\":\"Accueil\",\"item\":\"https:\\\/\\\/grangeduchateau.be\\\/\"},{\"@type\":\"ListItem\",\"position\":2,\"name\":\"Accueil\"}]},{\"@type\":\"WebSite\",\"@id\":\"https:\\\/\\\/grangeduchateau.be\\\/#website\",\"url\":\"https:\\\/\\\/grangeduchateau.be\\\/\",\"name\":\"La Grange du Ch\u00e2teau\",\"description\":\"Bienvenue au G\u00eete La Grange du Ch\u00e2teau \u00e0 Estaimbourg\",\"publisher\":{\"@id\":\"https:\\\/\\\/grangeduchateau.be\\\/#organization\"},\"potentialAction\":[{\"@type\":\"SearchAction\",\"target\":{\"@type\":\"EntryPoint\",\"urlTemplate\":\"https:\\\/\\\/grangeduchateau.be\\\/?s={search_term_string}\"},\"query-input\":{\"@type\":\"PropertyValueSpecification\",\"valueRequired\":true,\"valueName\":\"search_term_string\"}}],\"inLanguage\":\"fr-FR\"},{\"@type\":\"Organization\",\"@id\":\"https:\\\/\\\/grangeduchateau.be\\\/#organization\",\"name\":\"G\u00eete La Grange du Ch\u00e2teau\",\"url\":\"https:\\\/\\\/grangeduchateau.be\\\/\",\"logo\":{\"@type\":\"ImageObject\",\"inLanguage\":\"fr-FR\",\"@id\":\"https:\\\/\\\/grangeduchateau.be\\\/#\\\/schema\\\/logo\\\/image\\\/\",\"url\":\"https:\\\/\\\/grangeduchateau.be\\\/wp-content\\\/uploads\\\/2021\\\/11\\\/logo_vf_enattentedapprobation_Plan-de-travail-1.png\",\"contentUrl\":\"https:\\\/\\\/grangeduchateau.be\\\/wp-content\\\/uploads\\\/2021\\\/11\\\/logo_vf_enattentedapprobation_Plan-de-travail-1.png\",\"width\":1956,\"height\":1048,\"caption\":\"G\u00eete La Grange du Ch\u00e2teau\"},\"image\":{\"@id\":\"https:\\\/\\\/grangeduchateau.be\\\/#\\\/schema\\\/logo\\\/image\\\/\"},\"sameAs\":[\"https:\\\/\\\/www.facebook.com\\\/Lagrangeduchateau\"]}]}<\/script>\n<!-- \/ Yoast SEO plugin. -->","yoast_head_json":{"title":"Accueil - La Grange du Ch\u00e2teau","description":"Bienvenue au G\u00eete \"La Grange du Ch\u00e2teau\" \u00e0 proximit\u00e9 imm\u00e9diate des salles de r\u00e9ception du ch\u00e2teau du Biez et du ch\u00e2teau de Bourgogne","robots":{"index":"index","follow":"follow","max-snippet":"max-snippet:-1","max-image-preview":"max-image-preview:large","max-video-preview":"max-video-preview:-1"},"canonical":"https:\/\/grangeduchateau.be\/","og_locale":"fr_FR","og_type":"article","og_title":"Accueil - La Grange du Ch\u00e2teau","og_description":"Bienvenue au G\u00eete \"La Grange du Ch\u00e2teau\" \u00e0 proximit\u00e9 imm\u00e9diate des salles de r\u00e9ception du ch\u00e2teau du Biez et du ch\u00e2teau de Bourgogne","og_url":"https:\/\/grangeduchateau.be\/","og_site_name":"La Grange du Ch\u00e2teau","article_publisher":"https:\/\/www.facebook.com\/Lagrangeduchateau","article_modified_time":"2022-11-24T11:25:58+00:00","og_image":[{"url":"https:\/\/grangeduchateau.be\/wp-content\/uploads\/2021\/11\/cropped-logo_vf_enattentedapprobation_Plan-de-travail-1-e1639429210662-300x175.png","type":"","width":"","height":""}],"twitter_card":"summary_large_image","twitter_misc":{"Dur\u00e9e de lecture estim\u00e9e":"2 minutes"},"schema":{"@context":"https:\/\/schema.org","@graph":[{"@type":"WebPage","@id":"https:\/\/grangeduchateau.be\/","url":"https:\/\/grangeduchateau.be\/","name":"Accueil - La Grange du Ch\u00e2teau","isPartOf":{"@id":"https:\/\/grangeduchateau.be\/#website"},"primaryImageOfPage":{"@id":"https:\/\/grangeduchateau.be\/#primaryimage"},"image":{"@id":"https:\/\/grangeduchateau.be\/#primaryimage"},"thumbnailUrl":"https:\/\/grangeduchateau.be\/wp-content\/uploads\/2021\/11\/cropped-logo_vf_enattentedapprobation_Plan-de-travail-1-e1639429210662-300x175.png","datePublished":"2020-07-19T15:30:51+00:00","dateModified":"2022-11-24T11:25:58+00:00","description":"Bienvenue au G\u00eete \"La Grange du Ch\u00e2teau\" \u00e0 proximit\u00e9 imm\u00e9diate des salles de r\u00e9ception du ch\u00e2teau du Biez et du ch\u00e2teau de Bourgogne","breadcrumb":{"@id":"https:\/\/grangeduchateau.be\/#breadcrumb"},"inLanguage":"fr-FR","potentialAction":[{"@type":"ReadAction","target":["https:\/\/grangeduchateau.be\/"]}]},{"@type":"ImageObject","inLanguage":"fr-FR","@id":"https:\/\/grangeduchateau.be\/#primaryimage","url":"https:\/\/grangeduchateau.be\/wp-content\/uploads\/2021\/11\/cropped-logo_vf_enattentedapprobation_Plan-de-travail-1-e1639429210662.png","contentUrl":"https:\/\/grangeduchateau.be\/wp-content\/uploads\/2021\/11\/cropped-logo_vf_enattentedapprobation_Plan-de-travail-1-e1639429210662.png","width":550,"height":321},{"@type":"BreadcrumbList","@id":"https:\/\/grangeduchateau.be\/#breadcrumb","itemListElement":[{"@type":"ListItem","position":1,"name":"Accueil","item":"https:\/\/grangeduchateau.be\/"},{"@type":"ListItem","position":2,"name":"Accueil"}]},{"@type":"WebSite","@id":"https:\/\/grangeduchateau.be\/#website","url":"https:\/\/grangeduchateau.be\/","name":"La Grange du Ch\u00e2teau","description":"Bienvenue au G\u00eete La Grange du Ch\u00e2teau \u00e0 Estaimbourg","publisher":{"@id":"https:\/\/grangeduchateau.be\/#organization"},"potentialAction":[{"@type":"SearchAction","target":{"@type":"EntryPoint","urlTemplate":"https:\/\/grangeduchateau.be\/?s={search_term_string}"},"query-input":{"@type":"PropertyValueSpecification","valueRequired":true,"valueName":"search_term_string"}}],"inLanguage":"fr-FR"},{"@type":"Organization","@id":"https:\/\/grangeduchateau.be\/#organization","name":"G\u00eete La Grange du Ch\u00e2teau","url":"https:\/\/grangeduchateau.be\/","logo":{"@type":"ImageObject","inLanguage":"fr-FR","@id":"https:\/\/grangeduchateau.be\/#\/schema\/logo\/image\/","url":"https:\/\/grangeduchateau.be\/wp-content\/uploads\/2021\/11\/logo_vf_enattentedapprobation_Plan-de-travail-1.png","contentUrl":"https:\/\/grangeduchateau.be\/wp-content\/uploads\/2021\/11\/logo_vf_enattentedapprobation_Plan-de-travail-1.png","width":1956,"height":1048,"caption":"G\u00eete La Grange du Ch\u00e2teau"},"image":{"@id":"https:\/\/grangeduchateau.be\/#\/schema\/logo\/image\/"},"sameAs":["https:\/\/www.facebook.com\/Lagrangeduchateau"]}]}},"_links":{"self":[{"href":"https:\/\/grangeduchateau.be\/index.php?rest_route=\/wp\/v2\/pages\/10","targetHints":{"allow":["GET"]}}],"collection":[{"href":"https:\/\/grangeduchateau.be\/index.php?rest_route=\/wp\/v2\/pages"}],"about":[{"href":"https:\/\/grangeduchateau.be\/index.php?rest_route=\/wp\/v2\/types\/page"}],"author":[{"embeddable":true,"href":"https:\/\/grangeduchateau.be\/index.php?rest_route=\/wp\/v2\/users\/1"}],"replies":[{"embeddable":true,"href":"https:\/\/grangeduchateau.be\/index.php?rest_route=%2Fwp%2Fv2%2Fcomments&post=10"}],"version-history":[{"count":32,"href":"https:\/\/grangeduchateau.be\/index.php?rest_route=\/wp\/v2\/pages\/10\/revisions"}],"predecessor-version":[{"id":663,"href":"https:\/\/grangeduchateau.be\/index.php?rest_route=\/wp\/v2\/pages\/10\/revisions\/663"}],"wp:attachment":[{"href":"https:\/\/grangeduchateau.be\/index.php?rest_route=%2Fwp%2Fv2%2Fmedia&parent=10"}],"curies":[{"name":"wp","href":"https:\/\/api.w.org\/{rel}","templated":true}]}}