{"id":11,"date":"2020-07-19T17:30:51","date_gmt":"2020-07-19T15:30:51","guid":{"rendered":"http:\/\/grangeduchateau.be\/?page_id=11"},"modified":"2022-12-29T14:38:53","modified_gmt":"2022-12-29T13:38:53","slug":"a-propos-de","status":"publish","type":"page","link":"https:\/\/grangeduchateau.be\/?page_id=11","title":{"rendered":"\u00c0 propos de&#8230;"},"content":{"rendered":"\t\t<div data-elementor-type=\"wp-page\" data-elementor-id=\"11\" class=\"elementor elementor-11\">\n\t\t\t\t\t\t<section class=\"elementor-section elementor-top-section elementor-element elementor-element-5887503 elementor-section-boxed elementor-section-height-default elementor-section-height-default\" data-id=\"5887503\" data-element_type=\"section\" data-e-type=\"section\">\n\t\t\t\t\t\t<div class=\"elementor-container elementor-column-gap-default\">\n\t\t\t\t\t<div class=\"elementor-column elementor-col-33 elementor-top-column elementor-element elementor-element-575868c\" data-id=\"575868c\" data-element_type=\"column\" data-e-type=\"column\">\n\t\t\t<div class=\"elementor-widget-wrap elementor-element-populated\">\n\t\t\t\t\t\t<div class=\"elementor-element elementor-element-787ac71 elementor-view-framed elementor-shape-circle elementor-widget elementor-widget-icon\" data-id=\"787ac71\" data-element_type=\"widget\" data-e-type=\"widget\" data-widget_type=\"icon.default\">\n\t\t\t\t<div class=\"elementor-widget-container\">\n\t\t\t\t\t\t\t<div class=\"elementor-icon-wrapper\">\n\t\t\t<div class=\"elementor-icon\">\n\t\t\t<i aria-hidden=\"true\" class=\"fas fa-home\"><\/i>\t\t\t<\/div>\n\t\t<\/div>\n\t\t\t\t\t\t<\/div>\n\t\t\t\t<\/div>\n\t\t\t\t\t<\/div>\n\t\t<\/div>\n\t\t\t\t<div class=\"elementor-column elementor-col-66 elementor-top-column elementor-element elementor-element-51847d7\" data-id=\"51847d7\" data-element_type=\"column\" data-e-type=\"column\">\n\t\t\t<div class=\"elementor-widget-wrap elementor-element-populated\">\n\t\t\t\t\t\t<div class=\"elementor-element elementor-element-7798b58c elementor-widget__width-initial elementor-widget elementor-widget-text-editor\" data-id=\"7798b58c\" data-element_type=\"widget\" data-e-type=\"widget\" data-widget_type=\"text-editor.default\">\n\t\t\t\t<div class=\"elementor-widget-container\">\n\t\t\t\t\t\t\t\t\t<p><\/p>\n<p><b><i>Le G\u00eete<\/i><\/b> : ce projet en gestation depuis plusieurs ann\u00e9es ne pouvait se r\u00e9aliser \u00e0 l&rsquo;\u00e9tranger pour des raisons familiales. Nous n&rsquo;avons pas d\u00fb r\u00e9fl\u00e9chir longtemps lorsque l&rsquo;opportunit\u00e9 d&rsquo;acqu\u00e9rir cette ancienne petite ferme de notre village s&rsquo;est pr\u00e9sent\u00e9e. Nous avions d\u00e9j\u00e0 les id\u00e9es d&rsquo;am\u00e9nagement pour transformer cette grange en charmant g\u00eete rural et ainsi mettre en avant un patrimoine local datant de 1849. Tout a \u00e9t\u00e9 pens\u00e9 afin que nos visiteurs passent un s\u00e9jour confortable.<\/p>\n<p><\/p>\t\t\t\t\t\t\t\t<\/div>\n\t\t\t\t<\/div>\n\t\t\t\t\t<\/div>\n\t\t<\/div>\n\t\t\t\t\t<\/div>\n\t\t<\/section>\n\t\t\t\t<section class=\"elementor-section elementor-top-section elementor-element elementor-element-e59683f elementor-section-boxed elementor-section-height-default elementor-section-height-default\" data-id=\"e59683f\" data-element_type=\"section\" data-e-type=\"section\">\n\t\t\t\t\t\t<div class=\"elementor-container elementor-column-gap-default\">\n\t\t\t\t\t<div class=\"elementor-column elementor-col-66 elementor-top-column elementor-element elementor-element-bb2c133\" data-id=\"bb2c133\" data-element_type=\"column\" data-e-type=\"column\">\n\t\t\t<div class=\"elementor-widget-wrap elementor-element-populated\">\n\t\t\t\t\t\t<div class=\"elementor-element elementor-element-0cd386d elementor-widget__width-initial elementor-widget elementor-widget-text-editor\" data-id=\"0cd386d\" data-element_type=\"widget\" data-e-type=\"widget\" data-widget_type=\"text-editor.default\">\n\t\t\t\t<div class=\"elementor-widget-container\">\n\t\t\t\t\t\t\t\t\t<p><\/p>\n<p><b><i>Les environs<\/i><\/b>&nbsp;: La proximit\u00e9 des&nbsp;<a href=\"https:\/\/www.biez-traiteur.com\/lieux\/le-chateau-du-biez\/\" target=\"_blank\">Ch\u00e2teaux du Biez<\/a>&nbsp;et&nbsp;<a href=\"https:\/\/www.biez-traiteur.com\/lieux\/le-chateau-de-bourgogne\/\" target=\"_blank\">de Bourgogne<\/a>&nbsp;en fait le g\u00eete parfait pour loger amis et famille dans le cadre d\u2019\u00e9v\u00e8nements dans ces superbes lieux de r\u00e9ception (mariage, f\u00eates de famille, etc\u2026).&nbsp; Proche de toutes les commodit\u00e9s et \u00e0 proximit\u00e9 de Lille Tournai et Courtrai, ce g\u00eete peut aussi bien \u00eatre le point de d\u00e9part de visites culturelles et historiques que de randonn\u00e9es \u00e0 pied, \u00e0 v\u00e9lo ou \u00e0 moto.&nbsp;<\/p>\n<p><\/p>\t\t\t\t\t\t\t\t<\/div>\n\t\t\t\t<\/div>\n\t\t\t\t\t<\/div>\n\t\t<\/div>\n\t\t\t\t<div class=\"elementor-column elementor-col-33 elementor-top-column elementor-element elementor-element-2ac5bea\" data-id=\"2ac5bea\" data-element_type=\"column\" data-e-type=\"column\">\n\t\t\t<div class=\"elementor-widget-wrap elementor-element-populated\">\n\t\t\t\t\t\t<div class=\"elementor-element elementor-element-0852e69 elementor-view-framed elementor-shape-circle elementor-widget elementor-widget-icon\" data-id=\"0852e69\" data-element_type=\"widget\" data-e-type=\"widget\" data-widget_type=\"icon.default\">\n\t\t\t\t<div class=\"elementor-widget-container\">\n\t\t\t\t\t\t\t<div class=\"elementor-icon-wrapper\">\n\t\t\t<div class=\"elementor-icon\">\n\t\t\t<i aria-hidden=\"true\" class=\"fas fa-street-view\"><\/i>\t\t\t<\/div>\n\t\t<\/div>\n\t\t\t\t\t\t<\/div>\n\t\t\t\t<\/div>\n\t\t\t\t\t<\/div>\n\t\t<\/div>\n\t\t\t\t\t<\/div>\n\t\t<\/section>\n\t\t\t\t<section class=\"elementor-section elementor-top-section elementor-element elementor-element-42f28a3 elementor-section-boxed elementor-section-height-default elementor-section-height-default\" data-id=\"42f28a3\" data-element_type=\"section\" data-e-type=\"section\">\n\t\t\t\t\t\t<div class=\"elementor-container elementor-column-gap-default\">\n\t\t\t\t\t<div class=\"elementor-column elementor-col-33 elementor-top-column elementor-element elementor-element-4cd592f\" data-id=\"4cd592f\" data-element_type=\"column\" data-e-type=\"column\">\n\t\t\t<div class=\"elementor-widget-wrap elementor-element-populated\">\n\t\t\t\t\t\t<div class=\"elementor-element elementor-element-fda09ac elementor-view-framed elementor-shape-circle elementor-widget elementor-widget-icon\" data-id=\"fda09ac\" data-element_type=\"widget\" data-e-type=\"widget\" data-widget_type=\"icon.default\">\n\t\t\t\t<div class=\"elementor-widget-container\">\n\t\t\t\t\t\t\t<div class=\"elementor-icon-wrapper\">\n\t\t\t<div class=\"elementor-icon\">\n\t\t\t<i aria-hidden=\"true\" class=\"fas fa-tree\"><\/i>\t\t\t<\/div>\n\t\t<\/div>\n\t\t\t\t\t\t<\/div>\n\t\t\t\t<\/div>\n\t\t\t\t\t<\/div>\n\t\t<\/div>\n\t\t\t\t<div class=\"elementor-column elementor-col-66 elementor-top-column elementor-element elementor-element-2931422\" data-id=\"2931422\" data-element_type=\"column\" data-e-type=\"column\">\n\t\t\t<div class=\"elementor-widget-wrap elementor-element-populated\">\n\t\t\t\t\t\t<div class=\"elementor-element elementor-element-c4d05aa elementor-widget__width-initial elementor-widget elementor-widget-text-editor\" data-id=\"c4d05aa\" data-element_type=\"widget\" data-e-type=\"widget\" data-widget_type=\"text-editor.default\">\n\t\t\t\t<div class=\"elementor-widget-container\">\n\t\t\t\t\t\t\t\t\t<p><\/p>\n<p><b><i>Le Domaine de Bourgogne<\/i><\/b>\u00a0:\u00a0<span style=\"letter-spacing: 0px;\">Vaste \u00e9crin de verdure s\u2019\u00e9tendant sur 14 hectares situ\u00e9s au c\u0153ur d\u2019Estaimbourg (en face du g\u00eete), le Domaine de Bourgogne, son parc et son ch\u00e2teau entour\u00e9 d\u2019eau, repr\u00e9sente une offre unique dans la r\u00e9gion pour divertir petits et grands. Avec son enclos animalier, son \u00e9tang, son aire de jeux, ses terrains de p\u00e9tanque et sa caf\u00e9t\u00e9ria, il est le cadre id\u00e9al pour les p\u00eacheurs, les familles et pour tous les amoureux de la nature.<\/span><\/p>\n<p>Plus de cent esp\u00e8ces d\u2019arbres et arbustes typiques de la flore locale font l\u2019objet d\u2019un \u00e9tiquetage et sont r\u00e9pertori\u00e9es dans un fichier des essences disponible \u00e0 la Maison communale.<\/p>\n<p>Le ch\u00e2teau, propri\u00e9t\u00e9 des seigneurs de Bourgogne au XIX\u00e8me si\u00e8cle, est le lieu de r\u00e9ceptions priv\u00e9es (mariages, s\u00e9minaires d\u2019entreprise etc.) et d\u2019expositions artistiques tout le long de l\u2019ann\u00e9e.<\/p>\n<p><\/p>\t\t\t\t\t\t\t\t<\/div>\n\t\t\t\t<\/div>\n\t\t\t\t\t<\/div>\n\t\t<\/div>\n\t\t\t\t\t<\/div>\n\t\t<\/section>\n\t\t\t\t<\/div>\n\t\t","protected":false},"excerpt":{"rendered":"<p>Le G\u00eete : ce projet en gestation depuis plusieurs ann\u00e9es ne pouvait se r\u00e9aliser \u00e0 l&rsquo;\u00e9tranger pour des raisons familiales. Nous n&rsquo;avons pas d\u00fb r\u00e9fl\u00e9chir longtemps lorsque l&rsquo;opportunit\u00e9 d&rsquo;acqu\u00e9rir cette ancienne petite ferme de notre village s&rsquo;est pr\u00e9sent\u00e9e. Nous avions d\u00e9j\u00e0 les id\u00e9es d&rsquo;am\u00e9nagement pour transformer cette grange en charmant g\u00eete rural et ainsi mettre en avant un patrimoine local datant de 1849. Tout a \u00e9t\u00e9 pens\u00e9 afin que nos visiteurs passent un s\u00e9jour confortable. Les environs&nbsp;: La proximit\u00e9 des&nbsp;Ch\u00e2teaux du Biez&nbsp;et&nbsp;de Bourgogne&nbsp;en fait le g\u00eete parfait pour loger amis et famille dans le cadre d\u2019\u00e9v\u00e8nements dans ces superbes lieux de r\u00e9ception (mariage, f\u00eates de famille, etc\u2026).&nbsp; Proche de toutes les commodit\u00e9s et \u00e0 proximit\u00e9 de Lille Tournai et Courtrai, ce g\u00eete peut aussi bien \u00eatre le point de d\u00e9part de visites culturelles et historiques que de randonn\u00e9es \u00e0 pied, \u00e0 v\u00e9lo ou \u00e0 moto.&nbsp; Le Domaine de Bourgogne\u00a0:\u00a0Vaste \u00e9crin de verdure s\u2019\u00e9tendant sur 14 hectares situ\u00e9s au c\u0153ur d\u2019Estaimbourg (en face du g\u00eete), le Domaine de Bourgogne, son parc et son ch\u00e2teau entour\u00e9 d\u2019eau, repr\u00e9sente une offre unique dans la r\u00e9gion pour divertir petits et grands. Avec son enclos animalier, son \u00e9tang, son aire de jeux, ses terrains de p\u00e9tanque et sa caf\u00e9t\u00e9ria, il est le cadre id\u00e9al pour les p\u00eacheurs, les familles et pour tous les amoureux de la nature. Plus de cent esp\u00e8ces d\u2019arbres et arbustes typiques de la flore locale font l\u2019objet d\u2019un \u00e9tiquetage et sont r\u00e9pertori\u00e9es dans un fichier des essences disponible \u00e0 la Maison communale. Le ch\u00e2teau, propri\u00e9t\u00e9 des seigneurs de Bourgogne au XIX\u00e8me si\u00e8cle, est le lieu de r\u00e9ceptions priv\u00e9es (mariages, s\u00e9minaires d\u2019entreprise etc.) et d\u2019expositions artistiques tout le long de l\u2019ann\u00e9e.<\/p>\n","protected":false},"author":1,"featured_media":0,"parent":0,"menu_order":0,"comment_status":"closed","ping_status":"closed","template":"","meta":{"footnotes":""},"class_list":["post-11","page","type-page","status-publish","hentry"],"yoast_head":"<!-- This site is optimized with the Yoast SEO plugin v27.4 - https:\/\/yoast.com\/product\/yoast-seo-wordpress\/ -->\n<title>G\u00eete la Grange du Ch\u00e2teau \u00e0 Estaimbourg informations utiles<\/title>\n<meta name=\"description\" content=\"Informations utiles sur le g\u00eete et les environs. D\u00e9couvrez notre projet, ou encore le domaine de Bourgogne \u00e0 Estaimbourg (Estaimpuis)\" \/>\n<meta name=\"robots\" content=\"index, follow, max-snippet:-1, max-image-preview:large, max-video-preview:-1\" \/>\n<link rel=\"canonical\" href=\"https:\/\/grangeduchateau.be\/?page_id=11\" \/>\n<meta property=\"og:locale\" content=\"fr_FR\" \/>\n<meta property=\"og:type\" content=\"article\" \/>\n<meta property=\"og:title\" content=\"G\u00eete la Grange du Ch\u00e2teau \u00e0 Estaimbourg informations utiles\" \/>\n<meta property=\"og:description\" content=\"Informations utiles sur le g\u00eete et les environs. D\u00e9couvrez notre projet, ou encore le domaine de Bourgogne \u00e0 Estaimbourg (Estaimpuis)\" \/>\n<meta property=\"og:url\" content=\"https:\/\/grangeduchateau.be\/?page_id=11\" \/>\n<meta property=\"og:site_name\" content=\"La Grange du Ch\u00e2teau\" \/>\n<meta property=\"article:publisher\" content=\"https:\/\/www.facebook.com\/Lagrangeduchateau\" \/>\n<meta property=\"article:modified_time\" content=\"2022-12-29T13:38:53+00:00\" \/>\n<meta name=\"twitter:card\" content=\"summary_large_image\" \/>\n<meta name=\"twitter:label1\" content=\"Dur\u00e9e de lecture estim\u00e9e\" \/>\n\t<meta name=\"twitter:data1\" content=\"2 minutes\" \/>\n<script type=\"application\/ld+json\" class=\"yoast-schema-graph\">{\"@context\":\"https:\\\/\\\/schema.org\",\"@graph\":[{\"@type\":\"WebPage\",\"@id\":\"https:\\\/\\\/grangeduchateau.be\\\/?page_id=11\",\"url\":\"https:\\\/\\\/grangeduchateau.be\\\/?page_id=11\",\"name\":\"G\u00eete la Grange du Ch\u00e2teau \u00e0 Estaimbourg informations utiles\",\"isPartOf\":{\"@id\":\"https:\\\/\\\/grangeduchateau.be\\\/#website\"},\"datePublished\":\"2020-07-19T15:30:51+00:00\",\"dateModified\":\"2022-12-29T13:38:53+00:00\",\"description\":\"Informations utiles sur le g\u00eete et les environs. D\u00e9couvrez notre projet, ou encore le domaine de Bourgogne \u00e0 Estaimbourg (Estaimpuis)\",\"breadcrumb\":{\"@id\":\"https:\\\/\\\/grangeduchateau.be\\\/?page_id=11#breadcrumb\"},\"inLanguage\":\"fr-FR\",\"potentialAction\":[{\"@type\":\"ReadAction\",\"target\":[\"https:\\\/\\\/grangeduchateau.be\\\/?page_id=11\"]}]},{\"@type\":\"BreadcrumbList\",\"@id\":\"https:\\\/\\\/grangeduchateau.be\\\/?page_id=11#breadcrumb\",\"itemListElement\":[{\"@type\":\"ListItem\",\"position\":1,\"name\":\"Accueil\",\"item\":\"https:\\\/\\\/grangeduchateau.be\\\/\"},{\"@type\":\"ListItem\",\"position\":2,\"name\":\"\u00c0 propos de&#8230;\"}]},{\"@type\":\"WebSite\",\"@id\":\"https:\\\/\\\/grangeduchateau.be\\\/#website\",\"url\":\"https:\\\/\\\/grangeduchateau.be\\\/\",\"name\":\"La Grange du Ch\u00e2teau\",\"description\":\"Bienvenue au G\u00eete La Grange du Ch\u00e2teau \u00e0 Estaimbourg\",\"publisher\":{\"@id\":\"https:\\\/\\\/grangeduchateau.be\\\/#organization\"},\"potentialAction\":[{\"@type\":\"SearchAction\",\"target\":{\"@type\":\"EntryPoint\",\"urlTemplate\":\"https:\\\/\\\/grangeduchateau.be\\\/?s={search_term_string}\"},\"query-input\":{\"@type\":\"PropertyValueSpecification\",\"valueRequired\":true,\"valueName\":\"search_term_string\"}}],\"inLanguage\":\"fr-FR\"},{\"@type\":\"Organization\",\"@id\":\"https:\\\/\\\/grangeduchateau.be\\\/#organization\",\"name\":\"G\u00eete La Grange du Ch\u00e2teau\",\"url\":\"https:\\\/\\\/grangeduchateau.be\\\/\",\"logo\":{\"@type\":\"ImageObject\",\"inLanguage\":\"fr-FR\",\"@id\":\"https:\\\/\\\/grangeduchateau.be\\\/#\\\/schema\\\/logo\\\/image\\\/\",\"url\":\"https:\\\/\\\/grangeduchateau.be\\\/wp-content\\\/uploads\\\/2021\\\/11\\\/logo_vf_enattentedapprobation_Plan-de-travail-1.png\",\"contentUrl\":\"https:\\\/\\\/grangeduchateau.be\\\/wp-content\\\/uploads\\\/2021\\\/11\\\/logo_vf_enattentedapprobation_Plan-de-travail-1.png\",\"width\":1956,\"height\":1048,\"caption\":\"G\u00eete La Grange du Ch\u00e2teau\"},\"image\":{\"@id\":\"https:\\\/\\\/grangeduchateau.be\\\/#\\\/schema\\\/logo\\\/image\\\/\"},\"sameAs\":[\"https:\\\/\\\/www.facebook.com\\\/Lagrangeduchateau\"]}]}<\/script>\n<!-- \/ Yoast SEO plugin. -->","yoast_head_json":{"title":"G\u00eete la Grange du Ch\u00e2teau \u00e0 Estaimbourg informations utiles","description":"Informations utiles sur le g\u00eete et les environs. D\u00e9couvrez notre projet, ou encore le domaine de Bourgogne \u00e0 Estaimbourg (Estaimpuis)","robots":{"index":"index","follow":"follow","max-snippet":"max-snippet:-1","max-image-preview":"max-image-preview:large","max-video-preview":"max-video-preview:-1"},"canonical":"https:\/\/grangeduchateau.be\/?page_id=11","og_locale":"fr_FR","og_type":"article","og_title":"G\u00eete la Grange du Ch\u00e2teau \u00e0 Estaimbourg informations utiles","og_description":"Informations utiles sur le g\u00eete et les environs. D\u00e9couvrez notre projet, ou encore le domaine de Bourgogne \u00e0 Estaimbourg (Estaimpuis)","og_url":"https:\/\/grangeduchateau.be\/?page_id=11","og_site_name":"La Grange du Ch\u00e2teau","article_publisher":"https:\/\/www.facebook.com\/Lagrangeduchateau","article_modified_time":"2022-12-29T13:38:53+00:00","twitter_card":"summary_large_image","twitter_misc":{"Dur\u00e9e de lecture estim\u00e9e":"2 minutes"},"schema":{"@context":"https:\/\/schema.org","@graph":[{"@type":"WebPage","@id":"https:\/\/grangeduchateau.be\/?page_id=11","url":"https:\/\/grangeduchateau.be\/?page_id=11","name":"G\u00eete la Grange du Ch\u00e2teau \u00e0 Estaimbourg informations utiles","isPartOf":{"@id":"https:\/\/grangeduchateau.be\/#website"},"datePublished":"2020-07-19T15:30:51+00:00","dateModified":"2022-12-29T13:38:53+00:00","description":"Informations utiles sur le g\u00eete et les environs. D\u00e9couvrez notre projet, ou encore le domaine de Bourgogne \u00e0 Estaimbourg (Estaimpuis)","breadcrumb":{"@id":"https:\/\/grangeduchateau.be\/?page_id=11#breadcrumb"},"inLanguage":"fr-FR","potentialAction":[{"@type":"ReadAction","target":["https:\/\/grangeduchateau.be\/?page_id=11"]}]},{"@type":"BreadcrumbList","@id":"https:\/\/grangeduchateau.be\/?page_id=11#breadcrumb","itemListElement":[{"@type":"ListItem","position":1,"name":"Accueil","item":"https:\/\/grangeduchateau.be\/"},{"@type":"ListItem","position":2,"name":"\u00c0 propos de&#8230;"}]},{"@type":"WebSite","@id":"https:\/\/grangeduchateau.be\/#website","url":"https:\/\/grangeduchateau.be\/","name":"La Grange du Ch\u00e2teau","description":"Bienvenue au G\u00eete La Grange du Ch\u00e2teau \u00e0 Estaimbourg","publisher":{"@id":"https:\/\/grangeduchateau.be\/#organization"},"potentialAction":[{"@type":"SearchAction","target":{"@type":"EntryPoint","urlTemplate":"https:\/\/grangeduchateau.be\/?s={search_term_string}"},"query-input":{"@type":"PropertyValueSpecification","valueRequired":true,"valueName":"search_term_string"}}],"inLanguage":"fr-FR"},{"@type":"Organization","@id":"https:\/\/grangeduchateau.be\/#organization","name":"G\u00eete La Grange du Ch\u00e2teau","url":"https:\/\/grangeduchateau.be\/","logo":{"@type":"ImageObject","inLanguage":"fr-FR","@id":"https:\/\/grangeduchateau.be\/#\/schema\/logo\/image\/","url":"https:\/\/grangeduchateau.be\/wp-content\/uploads\/2021\/11\/logo_vf_enattentedapprobation_Plan-de-travail-1.png","contentUrl":"https:\/\/grangeduchateau.be\/wp-content\/uploads\/2021\/11\/logo_vf_enattentedapprobation_Plan-de-travail-1.png","width":1956,"height":1048,"caption":"G\u00eete La Grange du Ch\u00e2teau"},"image":{"@id":"https:\/\/grangeduchateau.be\/#\/schema\/logo\/image\/"},"sameAs":["https:\/\/www.facebook.com\/Lagrangeduchateau"]}]}},"_links":{"self":[{"href":"https:\/\/grangeduchateau.be\/index.php?rest_route=\/wp\/v2\/pages\/11","targetHints":{"allow":["GET"]}}],"collection":[{"href":"https:\/\/grangeduchateau.be\/index.php?rest_route=\/wp\/v2\/pages"}],"about":[{"href":"https:\/\/grangeduchateau.be\/index.php?rest_route=\/wp\/v2\/types\/page"}],"author":[{"embeddable":true,"href":"https:\/\/grangeduchateau.be\/index.php?rest_route=\/wp\/v2\/users\/1"}],"replies":[{"embeddable":true,"href":"https:\/\/grangeduchateau.be\/index.php?rest_route=%2Fwp%2Fv2%2Fcomments&post=11"}],"version-history":[{"count":22,"href":"https:\/\/grangeduchateau.be\/index.php?rest_route=\/wp\/v2\/pages\/11\/revisions"}],"predecessor-version":[{"id":667,"href":"https:\/\/grangeduchateau.be\/index.php?rest_route=\/wp\/v2\/pages\/11\/revisions\/667"}],"wp:attachment":[{"href":"https:\/\/grangeduchateau.be\/index.php?rest_route=%2Fwp%2Fv2%2Fmedia&parent=11"}],"curies":[{"name":"wp","href":"https:\/\/api.w.org\/{rel}","templated":true}]}}