{"id":437,"date":"2022-02-08T22:07:35","date_gmt":"2022-02-08T21:07:35","guid":{"rendered":"https:\/\/grangeduchateau.be\/?page_id=437"},"modified":"2023-11-09T23:05:28","modified_gmt":"2023-11-09T22:05:28","slug":"le-gite","status":"publish","type":"page","link":"https:\/\/grangeduchateau.be\/?page_id=437","title":{"rendered":"Le G\u00eete"},"content":{"rendered":"\n<p>C\u2019est dans la grange de cette ancienne petite ferme de village datant de 1849 que nous avons cr\u00e9\u00e9 un espace convivial et accueillant en conservant le charme des vieilles briques.<\/p>\n\n\n\n<div class=\"wp-block-columns has-white-color has-text-color has-background is-layout-flex wp-container-core-columns-is-layout-9d6595d7 wp-block-columns-is-layout-flex\" style=\"background-color:#766a5e\">\n<div class=\"wp-block-column is-vertically-aligned-center is-layout-flow wp-block-column-is-layout-flow\" style=\"flex-basis:33.33%\">\n<p>Venez d\u00e9couvrir le g\u00eete et ses espaces communs avec de grands volumes, une cuisine super \u00e9quip\u00e9e et conviviale permettant de pr\u00e9parer de bons petits plats tout en prenant l&rsquo;ap\u00e9ro, une table  de grande dimension pour les repas, jeux et discussions ou encore le salon pour se d\u00e9tendre.<\/p>\n<\/div>\n\n\n\n<div class=\"wp-block-column is-layout-flow wp-block-column-is-layout-flow\" style=\"flex-basis:66.66%\">\n\t\t<link href=\"https:\/\/grangeduchateau.be\/wp-content\/plugins\/slideshow-ck\/themes\/default\/css\/camera.css\" rel=\"stylesheet\" type=\"text\/css\" \/>\n\t\t<style type=\"text\/css\">\n\t\t\t#camera_wrap_436 .camera_pag_ul li img, #camera_wrap_436 .camera_thumbs_cont ul li img {\n\t\t\t\theight:100px;\n\t\t\t\twidth: auto;\n\t\t\t}\n\t\t\t#camera_wrap_436 .camera_caption {\n\t\t\t\tdisplay: block;\n\t\t\t\tposition: absolute;\n\t\t\t}\n\t\t\t#camera_wrap_436 .camera_caption a.camera_caption_link {\n\t\t\t\tdisplay: block;\n\t\t\t\tposition: absolute;\n\t\t\t\tleft: 0;\n\t\t\t\tright: 0;\n\t\t\t\ttop: 0;\n\t\t\t\tbottom: 0;\n\t\t\t}\n\t\t\t#camera_wrap_436 .camera_caption > div {\n\t\t\t\tbackground: #000000;\t\t\t}\n\t\t\t#camera_wrap_436 .camera_caption div.camera_caption_title {\n\t\t\t\tfont-size: 18px;line-height: 18px;font-weight: normal;\t\t\t}\n\t\t\t#camera_wrap_436 .camera_caption div.camera_caption_desc {\n\t\t\t\tfont-size: 12px;line-height: 12px;font-weight: normal;\t\t\t}\n\t\t<\/style>\n\t\t\t\t<div class=\"slideshowck camera_wrap camera_black_skin\" id=\"camera_wrap_436\" style=\"width:100%;\">\n\t\t\t\t\t\t\t<div  data-thumb=\"https:\/\/grangeduchateau.be\/wp-content\/uploads\/2022\/01\/CAE4CB4C-8419-4937-8CFB-825F31484B82_1_105_c-1.jpeg\" data-src=\"https:\/\/grangeduchateau.be\/wp-content\/uploads\/2022\/01\/CAE4CB4C-8419-4937-8CFB-825F31484B82_1_105_c-1.jpeg\" data-link=\"https:\/\/grangeduchateau.be\/wp-content\/uploads\/2022\/01\/CAE4CB4C-8419-4937-8CFB-825F31484B82_1_105_c-1.jpeg\" data-target=\"_parent\">\n\t\t\t\t\t\t\t\t\t\t<\/div>\n\t\t\t\t\t\t\t<div  data-thumb=\"https:\/\/grangeduchateau.be\/wp-content\/uploads\/2022\/01\/049F6F7C-DF6E-4851-BDFF-CCDBADBD4295_1_105_c.jpeg\" data-src=\"https:\/\/grangeduchateau.be\/wp-content\/uploads\/2022\/01\/049F6F7C-DF6E-4851-BDFF-CCDBADBD4295_1_105_c.jpeg\" data-link=\"https:\/\/grangeduchateau.be\/wp-content\/uploads\/2022\/01\/049F6F7C-DF6E-4851-BDFF-CCDBADBD4295_1_105_c.jpeg\" data-target=\"_parent\">\n\t\t\t\t\t\t\t\t\t\t<\/div>\n\t\t\t\t\t\t\t<div  data-thumb=\"https:\/\/grangeduchateau.be\/wp-content\/uploads\/2021\/12\/8DE4E393-CB3D-4F8A-920C-CD3227538BBD_1_105_c.jpeg\" data-src=\"https:\/\/grangeduchateau.be\/wp-content\/uploads\/2021\/12\/8DE4E393-CB3D-4F8A-920C-CD3227538BBD_1_105_c.jpeg\" data-link=\"https:\/\/grangeduchateau.be\/wp-content\/uploads\/2021\/12\/8DE4E393-CB3D-4F8A-920C-CD3227538BBD_1_105_c.jpeg\" data-target=\"_parent\">\n\t\t\t\t\t\t\t\t\t\t<\/div>\n\t\t\t\t\t\t\t<div  data-thumb=\"https:\/\/grangeduchateau.be\/wp-content\/uploads\/2022\/01\/5F3E421C-70EF-4084-9E3D-5681C5167F6F_1_105_c.jpeg\" data-src=\"https:\/\/grangeduchateau.be\/wp-content\/uploads\/2022\/01\/5F3E421C-70EF-4084-9E3D-5681C5167F6F_1_105_c.jpeg\" data-link=\"https:\/\/grangeduchateau.be\/wp-content\/uploads\/2022\/01\/5F3E421C-70EF-4084-9E3D-5681C5167F6F_1_105_c.jpeg\" data-target=\"_parent\">\n\t\t\t\t\t\t\t\t\t\t<\/div>\n\t\t\t\t\t\t\t<div  data-thumb=\"https:\/\/grangeduchateau.be\/wp-content\/uploads\/2022\/01\/091A0FEC-B2FE-49AB-A678-69465C421F26_1_105_c.jpeg\" data-src=\"https:\/\/grangeduchateau.be\/wp-content\/uploads\/2022\/01\/091A0FEC-B2FE-49AB-A678-69465C421F26_1_105_c.jpeg\" data-link=\"https:\/\/grangeduchateau.be\/wp-content\/uploads\/2022\/01\/091A0FEC-B2FE-49AB-A678-69465C421F26_1_105_c.jpeg\" data-target=\"_parent\">\n\t\t\t\t\t\t\t\t\t\t<\/div>\n\t\t\t\t\t<\/div>\n\t\t<div style=\"clear:both;\"><\/div>\n\t\t\n<\/div>\n<\/div>\n\n\n\n<div class=\"wp-block-columns is-layout-flex wp-container-core-columns-is-layout-9d6595d7 wp-block-columns-is-layout-flex\">\n<div class=\"wp-block-column is-layout-flow wp-block-column-is-layout-flow\" style=\"flex-basis:66.66%\">\n<p><meta charset=\"utf-8\">\t\t<link href=\"https:\/\/grangeduchateau.be\/wp-content\/plugins\/slideshow-ck\/themes\/default\/css\/camera.css\" rel=\"stylesheet\" type=\"text\/css\" \/>\n\t\t<style type=\"text\/css\">\n\t\t\t#camera_wrap_441 .camera_pag_ul li img, #camera_wrap_441 .camera_thumbs_cont ul li img {\n\t\t\t\theight:100px;\n\t\t\t\twidth: auto;\n\t\t\t}\n\t\t\t#camera_wrap_441 .camera_caption {\n\t\t\t\tdisplay: block;\n\t\t\t\tposition: absolute;\n\t\t\t}\n\t\t\t#camera_wrap_441 .camera_caption a.camera_caption_link {\n\t\t\t\tdisplay: block;\n\t\t\t\tposition: absolute;\n\t\t\t\tleft: 0;\n\t\t\t\tright: 0;\n\t\t\t\ttop: 0;\n\t\t\t\tbottom: 0;\n\t\t\t}\n\t\t\t#camera_wrap_441 .camera_caption > div {\n\t\t\t\tbackground: #000000;\t\t\t}\n\t\t\t#camera_wrap_441 .camera_caption div.camera_caption_title {\n\t\t\t\tfont-size: 18px;line-height: 18px;font-weight: normal;\t\t\t}\n\t\t\t#camera_wrap_441 .camera_caption div.camera_caption_desc {\n\t\t\t\tfont-size: 12px;line-height: 12px;font-weight: normal;\t\t\t}\n\t\t<\/style>\n\t\t\t\t<div class=\"slideshowck camera_wrap camera_black_skin\" id=\"camera_wrap_441\" style=\"width:100%;\">\n\t\t\t\t\t\t\t<div  data-thumb=\"https:\/\/grangeduchateau.be\/wp-content\/uploads\/2022\/01\/331AF651-34C2-476C-8D32-BF5626C26742_1_105_c.jpeg\" data-src=\"https:\/\/grangeduchateau.be\/wp-content\/uploads\/2022\/01\/331AF651-34C2-476C-8D32-BF5626C26742_1_105_c.jpeg\" data-link=\"https:\/\/grangeduchateau.be\/wp-content\/uploads\/2022\/01\/331AF651-34C2-476C-8D32-BF5626C26742_1_105_c.jpeg\" data-target=\"_parent\">\n\t\t\t\t\t\t\t\t\t\t<\/div>\n\t\t\t\t\t\t\t<div  data-thumb=\"https:\/\/grangeduchateau.be\/wp-content\/uploads\/2022\/01\/066274F8-D36A-44E4-B051-F0BAD0B85770_1_105_c-1.jpeg\" data-src=\"https:\/\/grangeduchateau.be\/wp-content\/uploads\/2022\/01\/066274F8-D36A-44E4-B051-F0BAD0B85770_1_105_c-1.jpeg\" data-link=\"https:\/\/grangeduchateau.be\/wp-content\/uploads\/2022\/01\/066274F8-D36A-44E4-B051-F0BAD0B85770_1_105_c-1.jpeg\" data-target=\"_parent\">\n\t\t\t\t\t\t\t\t\t\t<\/div>\n\t\t\t\t\t\t\t<div  data-thumb=\"https:\/\/grangeduchateau.be\/wp-content\/uploads\/2022\/01\/239D7067-F71C-415A-A52D-CB67D0391D3F_1_105_c-1.jpeg\" data-src=\"https:\/\/grangeduchateau.be\/wp-content\/uploads\/2022\/01\/239D7067-F71C-415A-A52D-CB67D0391D3F_1_105_c-1.jpeg\" data-link=\"https:\/\/grangeduchateau.be\/wp-content\/uploads\/2022\/01\/239D7067-F71C-415A-A52D-CB67D0391D3F_1_105_c-1.jpeg\" data-target=\"_parent\">\n\t\t\t\t\t\t\t\t\t\t<\/div>\n\t\t\t\t\t\t\t<div  data-thumb=\"https:\/\/grangeduchateau.be\/wp-content\/uploads\/2022\/01\/D940FCAA-263C-40F6-8079-A47BFC4A9498_1_105_c-1.jpeg\" data-src=\"https:\/\/grangeduchateau.be\/wp-content\/uploads\/2022\/01\/D940FCAA-263C-40F6-8079-A47BFC4A9498_1_105_c-1.jpeg\" data-link=\"https:\/\/grangeduchateau.be\/wp-content\/uploads\/2022\/01\/D940FCAA-263C-40F6-8079-A47BFC4A9498_1_105_c-1.jpeg\" data-target=\"_parent\">\n\t\t\t\t\t\t\t\t\t\t<\/div>\n\t\t\t\t\t\t\t<div  data-thumb=\"https:\/\/grangeduchateau.be\/wp-content\/uploads\/2022\/01\/4C94C66F-81ED-421A-AE35-5708D794573A_1_105_c-1.jpeg\" data-src=\"https:\/\/grangeduchateau.be\/wp-content\/uploads\/2022\/01\/4C94C66F-81ED-421A-AE35-5708D794573A_1_105_c-1.jpeg\" data-link=\"https:\/\/grangeduchateau.be\/wp-content\/uploads\/2022\/01\/4C94C66F-81ED-421A-AE35-5708D794573A_1_105_c-1.jpeg\" data-target=\"_parent\">\n\t\t\t\t\t\t\t\t\t\t<\/div>\n\t\t\t\t\t\t\t<div  data-thumb=\"https:\/\/grangeduchateau.be\/wp-content\/uploads\/2022\/01\/4AB4D440-18E3-4ED7-81C2-413EAF2BBF4F_1_105_c-1.jpeg\" data-src=\"https:\/\/grangeduchateau.be\/wp-content\/uploads\/2022\/01\/4AB4D440-18E3-4ED7-81C2-413EAF2BBF4F_1_105_c-1.jpeg\" data-link=\"https:\/\/grangeduchateau.be\/wp-content\/uploads\/2022\/01\/4AB4D440-18E3-4ED7-81C2-413EAF2BBF4F_1_105_c-1.jpeg\" data-target=\"_parent\">\n\t\t\t\t\t\t\t\t\t\t<\/div>\n\t\t\t\t\t\t\t<div  data-thumb=\"https:\/\/grangeduchateau.be\/wp-content\/uploads\/2022\/01\/5527438C-BCB2-4B46-9AA6-62EE448A650A_1_105_c-1.jpeg\" data-src=\"https:\/\/grangeduchateau.be\/wp-content\/uploads\/2022\/01\/5527438C-BCB2-4B46-9AA6-62EE448A650A_1_105_c-1.jpeg\" data-link=\"https:\/\/grangeduchateau.be\/wp-content\/uploads\/2022\/01\/5527438C-BCB2-4B46-9AA6-62EE448A650A_1_105_c-1.jpeg\" data-target=\"_parent\">\n\t\t\t\t\t\t\t\t\t\t<\/div>\n\t\t\t\t\t\t\t<div  data-thumb=\"https:\/\/grangeduchateau.be\/wp-content\/uploads\/2022\/01\/8B196ED8-964D-4690-9599-DF486CFAFBCE_1_105_c-1.jpeg\" data-src=\"https:\/\/grangeduchateau.be\/wp-content\/uploads\/2022\/01\/8B196ED8-964D-4690-9599-DF486CFAFBCE_1_105_c-1.jpeg\" data-link=\"https:\/\/grangeduchateau.be\/wp-content\/uploads\/2022\/01\/8B196ED8-964D-4690-9599-DF486CFAFBCE_1_105_c-1.jpeg\" data-target=\"_parent\">\n\t\t\t\t\t\t\t\t\t\t<\/div>\n\t\t\t\t\t\t\t<div  data-thumb=\"https:\/\/grangeduchateau.be\/wp-content\/uploads\/2022\/01\/47A2F8DB-F5EC-4831-8282-7FDF0A6F1A8E_1_105_c-1.jpeg\" data-src=\"https:\/\/grangeduchateau.be\/wp-content\/uploads\/2022\/01\/47A2F8DB-F5EC-4831-8282-7FDF0A6F1A8E_1_105_c-1.jpeg\" data-link=\"https:\/\/grangeduchateau.be\/wp-content\/uploads\/2022\/01\/47A2F8DB-F5EC-4831-8282-7FDF0A6F1A8E_1_105_c-1.jpeg\" data-target=\"_parent\">\n\t\t\t\t\t\t\t\t\t\t<\/div>\n\t\t\t\t\t<\/div>\n\t\t<div style=\"clear:both;\"><\/div>\n\t\t<\/p>\n<\/div>\n\n\n\n<div class=\"wp-block-column is-vertically-aligned-center is-layout-flow wp-block-column-is-layout-flow\" style=\"flex-basis:33.33%\">\n<p>Les 4 chambres, 2 \u00e0 chaque \u00e9tage permettent d\u2019accueillir 10 \u00e0 12 personnes, lits simples (90cm), doubles (160-180cm) et convertible (140cm) assurent un maximum de modularit\u00e9 et de confort pour r\u00e9pondre \u00e0 vos besoins. Les espaces au rez-de-chauss\u00e9e sont con\u00e7us pour faciliter l\u2019acc\u00e8s aux personnes \u00e0 mobilit\u00e9 r\u00e9duite.<\/p>\n<\/div>\n<\/div>\n\n\n\n<div class=\"wp-block-columns has-white-color has-text-color has-background is-layout-flex wp-container-core-columns-is-layout-9d6595d7 wp-block-columns-is-layout-flex\" style=\"background-color:#766a5e\">\n<div class=\"wp-block-column is-vertically-aligned-center is-layout-flow wp-block-column-is-layout-flow\" style=\"flex-basis:33.33%\">\n<p>Par beau temps profitez des espaces ext\u00e9rieurs, terrasse, jardin. Notre g\u00eete se veut durable et respectueux de l\u2019environnement. Durant les r\u00e9novations nous avons port\u00e9 attention sur les mat\u00e9riaux, l\u2019isolation, la r\u00e9cup\u00e9ration ou encore les consommations. Ces principes seront \u00e9galement mis en \u0153uvre dans la gestion du potager, le compostage, le futur poulailler ou encore la mise en place d\u2019un espace pr\u00e9 fleuri.<\/p>\n<\/div>\n\n\n\n<div class=\"wp-block-column is-layout-flow wp-block-column-is-layout-flow\" style=\"flex-basis:66.66%\">\n<p><meta charset=\"utf-8\">\t\t<link href=\"https:\/\/grangeduchateau.be\/wp-content\/plugins\/slideshow-ck\/themes\/default\/css\/camera.css\" rel=\"stylesheet\" type=\"text\/css\" \/>\n\t\t<style type=\"text\/css\">\n\t\t\t#camera_wrap_442 .camera_pag_ul li img, #camera_wrap_442 .camera_thumbs_cont ul li img {\n\t\t\t\theight:100px;\n\t\t\t\twidth: auto;\n\t\t\t}\n\t\t\t#camera_wrap_442 .camera_caption {\n\t\t\t\tdisplay: block;\n\t\t\t\tposition: absolute;\n\t\t\t}\n\t\t\t#camera_wrap_442 .camera_caption a.camera_caption_link {\n\t\t\t\tdisplay: block;\n\t\t\t\tposition: absolute;\n\t\t\t\tleft: 0;\n\t\t\t\tright: 0;\n\t\t\t\ttop: 0;\n\t\t\t\tbottom: 0;\n\t\t\t}\n\t\t\t#camera_wrap_442 .camera_caption > div {\n\t\t\t\tbackground: #000000;\t\t\t}\n\t\t\t#camera_wrap_442 .camera_caption div.camera_caption_title {\n\t\t\t\tfont-size: 18px;line-height: 18px;font-weight: normal;\t\t\t}\n\t\t\t#camera_wrap_442 .camera_caption div.camera_caption_desc {\n\t\t\t\tfont-size: 12px;line-height: 12px;font-weight: normal;\t\t\t}\n\t\t<\/style>\n\t\t\t\t<div class=\"slideshowck camera_wrap camera_black_skin\" id=\"camera_wrap_442\" style=\"width:100%;\">\n\t\t\t\t\t\t\t<div  data-thumb=\"https:\/\/grangeduchateau.be\/wp-content\/uploads\/2022\/02\/41358039-6099-483B-9697-CD0766898750_1_105_c.jpeg\" data-src=\"https:\/\/grangeduchateau.be\/wp-content\/uploads\/2022\/02\/41358039-6099-483B-9697-CD0766898750_1_105_c.jpeg\" data-link=\"https:\/\/grangeduchateau.be\/wp-content\/uploads\/2022\/02\/41358039-6099-483B-9697-CD0766898750_1_105_c.jpeg\" data-target=\"_parent\">\n\t\t\t\t\t\t\t\t\t\t<\/div>\n\t\t\t\t\t\t\t<div  data-thumb=\"https:\/\/grangeduchateau.be\/wp-content\/uploads\/2022\/02\/07D9A430-C0D1-4ABE-8A07-15DBDB5DD85B_1_105_c.jpeg\" data-src=\"https:\/\/grangeduchateau.be\/wp-content\/uploads\/2022\/02\/07D9A430-C0D1-4ABE-8A07-15DBDB5DD85B_1_105_c.jpeg\" data-link=\"https:\/\/grangeduchateau.be\/wp-content\/uploads\/2022\/02\/07D9A430-C0D1-4ABE-8A07-15DBDB5DD85B_1_105_c.jpeg\" data-target=\"_parent\">\n\t\t\t\t\t\t\t\t\t\t<\/div>\n\t\t\t\t\t\t\t<div  data-thumb=\"https:\/\/grangeduchateau.be\/wp-content\/uploads\/2022\/02\/EC9F70EB-DFFE-4EA9-AFA3-0BCBA60BB20C_1_105_c.jpeg\" data-src=\"https:\/\/grangeduchateau.be\/wp-content\/uploads\/2022\/02\/EC9F70EB-DFFE-4EA9-AFA3-0BCBA60BB20C_1_105_c.jpeg\" data-link=\"https:\/\/grangeduchateau.be\/wp-content\/uploads\/2022\/02\/EC9F70EB-DFFE-4EA9-AFA3-0BCBA60BB20C_1_105_c.jpeg\" data-target=\"_parent\">\n\t\t\t\t\t\t\t\t\t\t<\/div>\n\t\t\t\t\t\t\t<div  data-thumb=\"https:\/\/grangeduchateau.be\/wp-content\/uploads\/2022\/02\/9B1CA52B-6E12-40C3-98E8-55280A12FD6E_1_105_c.jpeg\" data-src=\"https:\/\/grangeduchateau.be\/wp-content\/uploads\/2022\/02\/9B1CA52B-6E12-40C3-98E8-55280A12FD6E_1_105_c.jpeg\" data-link=\"https:\/\/grangeduchateau.be\/wp-content\/uploads\/2022\/02\/9B1CA52B-6E12-40C3-98E8-55280A12FD6E_1_105_c.jpeg\" data-target=\"_parent\">\n\t\t\t\t\t\t\t\t\t\t<\/div>\n\t\t\t\t\t\t\t<div  data-thumb=\"https:\/\/grangeduchateau.be\/wp-content\/uploads\/2022\/02\/2E9C3B5D-F906-460A-A3DF-A0CDCCB8FA6B_1_105_c.jpeg\" data-src=\"https:\/\/grangeduchateau.be\/wp-content\/uploads\/2022\/02\/2E9C3B5D-F906-460A-A3DF-A0CDCCB8FA6B_1_105_c.jpeg\" data-link=\"https:\/\/grangeduchateau.be\/wp-content\/uploads\/2022\/02\/2E9C3B5D-F906-460A-A3DF-A0CDCCB8FA6B_1_105_c.jpeg\" data-target=\"_parent\">\n\t\t\t\t\t\t\t\t\t\t<\/div>\n\t\t\t\t\t\t\t<div  data-thumb=\"https:\/\/grangeduchateau.be\/wp-content\/uploads\/2022\/02\/A29D1074-C8E3-4926-8440-F8CC52626DCB_1_105_c.jpeg\" data-src=\"https:\/\/grangeduchateau.be\/wp-content\/uploads\/2022\/02\/A29D1074-C8E3-4926-8440-F8CC52626DCB_1_105_c.jpeg\" data-link=\"https:\/\/grangeduchateau.be\/wp-content\/uploads\/2022\/02\/A29D1074-C8E3-4926-8440-F8CC52626DCB_1_105_c.jpeg\" data-target=\"_parent\">\n\t\t\t\t\t\t\t\t\t\t<\/div>\n\t\t\t\t\t\t\t<div  data-thumb=\"https:\/\/grangeduchateau.be\/wp-content\/uploads\/2022\/02\/4EABBF78-C5C1-4847-AD8F-79977BAA6499_1_105_c.jpeg\" data-src=\"https:\/\/grangeduchateau.be\/wp-content\/uploads\/2022\/02\/4EABBF78-C5C1-4847-AD8F-79977BAA6499_1_105_c.jpeg\" data-link=\"https:\/\/grangeduchateau.be\/wp-content\/uploads\/2022\/02\/4EABBF78-C5C1-4847-AD8F-79977BAA6499_1_105_c.jpeg\" data-target=\"_parent\">\n\t\t\t\t\t\t\t\t\t\t<\/div>\n\t\t\t\t\t\t\t<div  data-thumb=\"https:\/\/grangeduchateau.be\/wp-content\/uploads\/2022\/02\/769FEEEE-CA30-4D20-B1FA-2F973A031EF2_1_105_c.jpeg\" data-src=\"https:\/\/grangeduchateau.be\/wp-content\/uploads\/2022\/02\/769FEEEE-CA30-4D20-B1FA-2F973A031EF2_1_105_c.jpeg\" data-link=\"https:\/\/grangeduchateau.be\/wp-content\/uploads\/2022\/02\/769FEEEE-CA30-4D20-B1FA-2F973A031EF2_1_105_c.jpeg\" data-target=\"_parent\">\n\t\t\t\t\t\t\t\t\t\t<\/div>\n\t\t\t\t\t<\/div>\n\t\t<div style=\"clear:both;\"><\/div>\n\t\t<\/p>\n<\/div>\n<\/div>\n","protected":false},"excerpt":{"rendered":"<p>C\u2019est dans la grange de cette ancienne petite ferme de village datant de 1849 que nous avons cr\u00e9\u00e9 un espace convivial et accueillant en conservant le charme des vieilles briques. Venez d\u00e9couvrir le g\u00eete et ses espaces communs avec de grands volumes, une cuisine super \u00e9quip\u00e9e et conviviale permettant de pr\u00e9parer de bons petits plats tout en prenant l&rsquo;ap\u00e9ro, une table de grande dimension pour les repas, jeux et discussions ou encore le salon pour se d\u00e9tendre. Les 4 chambres, 2 \u00e0 chaque \u00e9tage permettent d\u2019accueillir 10 \u00e0 12 personnes, lits simples (90cm), doubles (160-180cm) et convertible (140cm) assurent un maximum de modularit\u00e9 et de confort pour r\u00e9pondre \u00e0 vos besoins. Les espaces au rez-de-chauss\u00e9e sont con\u00e7us pour faciliter l\u2019acc\u00e8s aux personnes \u00e0 mobilit\u00e9 r\u00e9duite. Par beau temps profitez des espaces ext\u00e9rieurs, terrasse, jardin. Notre g\u00eete se veut durable et respectueux de l\u2019environnement. Durant les r\u00e9novations nous avons port\u00e9 attention sur les mat\u00e9riaux, l\u2019isolation, la r\u00e9cup\u00e9ration ou encore les consommations. Ces principes seront \u00e9galement mis en \u0153uvre dans la gestion du potager, le compostage, le futur poulailler ou encore la mise en place d\u2019un espace pr\u00e9 fleuri.<\/p>\n","protected":false},"author":1,"featured_media":0,"parent":0,"menu_order":0,"comment_status":"closed","ping_status":"closed","template":"","meta":{"footnotes":""},"class_list":["post-437","page","type-page","status-publish","hentry"],"yoast_head":"<!-- This site is optimized with the Yoast SEO plugin v27.4 - https:\/\/yoast.com\/product\/yoast-seo-wordpress\/ -->\n<title>Le G\u00eete - La Grange du Ch\u00e2teau<\/title>\n<meta name=\"description\" content=\"Le g\u00eete, ses \u00e9quipements, les photos, les espaces de vie, les chambres, un projet durable et \u00e9co-responsable en phase avec l&#039;environnement.\" \/>\n<meta name=\"robots\" content=\"index, follow, max-snippet:-1, max-image-preview:large, max-video-preview:-1\" \/>\n<link rel=\"canonical\" href=\"https:\/\/grangeduchateau.be\/?page_id=437\" \/>\n<meta property=\"og:locale\" content=\"fr_FR\" \/>\n<meta property=\"og:type\" content=\"article\" \/>\n<meta property=\"og:title\" content=\"Le G\u00eete - La Grange du Ch\u00e2teau\" \/>\n<meta property=\"og:description\" content=\"Le g\u00eete, ses \u00e9quipements, les photos, les espaces de vie, les chambres, un projet durable et \u00e9co-responsable en phase avec l&#039;environnement.\" \/>\n<meta property=\"og:url\" content=\"https:\/\/grangeduchateau.be\/?page_id=437\" \/>\n<meta property=\"og:site_name\" content=\"La Grange du Ch\u00e2teau\" \/>\n<meta property=\"article:publisher\" content=\"https:\/\/www.facebook.com\/Lagrangeduchateau\" \/>\n<meta property=\"article:modified_time\" content=\"2023-11-09T22:05:28+00:00\" \/>\n<meta name=\"twitter:card\" content=\"summary_large_image\" \/>\n<meta name=\"twitter:label1\" content=\"Dur\u00e9e de lecture estim\u00e9e\" \/>\n\t<meta name=\"twitter:data1\" content=\"1 minute\" \/>\n<script type=\"application\/ld+json\" class=\"yoast-schema-graph\">{\"@context\":\"https:\\\/\\\/schema.org\",\"@graph\":[{\"@type\":\"WebPage\",\"@id\":\"https:\\\/\\\/grangeduchateau.be\\\/?page_id=437\",\"url\":\"https:\\\/\\\/grangeduchateau.be\\\/?page_id=437\",\"name\":\"Le G\u00eete - La Grange du Ch\u00e2teau\",\"isPartOf\":{\"@id\":\"https:\\\/\\\/grangeduchateau.be\\\/#website\"},\"datePublished\":\"2022-02-08T21:07:35+00:00\",\"dateModified\":\"2023-11-09T22:05:28+00:00\",\"description\":\"Le g\u00eete, ses \u00e9quipements, les photos, les espaces de vie, les chambres, un projet durable et \u00e9co-responsable en phase avec l'environnement.\",\"breadcrumb\":{\"@id\":\"https:\\\/\\\/grangeduchateau.be\\\/?page_id=437#breadcrumb\"},\"inLanguage\":\"fr-FR\",\"potentialAction\":[{\"@type\":\"ReadAction\",\"target\":[\"https:\\\/\\\/grangeduchateau.be\\\/?page_id=437\"]}]},{\"@type\":\"BreadcrumbList\",\"@id\":\"https:\\\/\\\/grangeduchateau.be\\\/?page_id=437#breadcrumb\",\"itemListElement\":[{\"@type\":\"ListItem\",\"position\":1,\"name\":\"Accueil\",\"item\":\"https:\\\/\\\/grangeduchateau.be\\\/\"},{\"@type\":\"ListItem\",\"position\":2,\"name\":\"Le G\u00eete\"}]},{\"@type\":\"WebSite\",\"@id\":\"https:\\\/\\\/grangeduchateau.be\\\/#website\",\"url\":\"https:\\\/\\\/grangeduchateau.be\\\/\",\"name\":\"La Grange du Ch\u00e2teau\",\"description\":\"Bienvenue au G\u00eete La Grange du Ch\u00e2teau \u00e0 Estaimbourg\",\"publisher\":{\"@id\":\"https:\\\/\\\/grangeduchateau.be\\\/#organization\"},\"potentialAction\":[{\"@type\":\"SearchAction\",\"target\":{\"@type\":\"EntryPoint\",\"urlTemplate\":\"https:\\\/\\\/grangeduchateau.be\\\/?s={search_term_string}\"},\"query-input\":{\"@type\":\"PropertyValueSpecification\",\"valueRequired\":true,\"valueName\":\"search_term_string\"}}],\"inLanguage\":\"fr-FR\"},{\"@type\":\"Organization\",\"@id\":\"https:\\\/\\\/grangeduchateau.be\\\/#organization\",\"name\":\"G\u00eete La Grange du Ch\u00e2teau\",\"url\":\"https:\\\/\\\/grangeduchateau.be\\\/\",\"logo\":{\"@type\":\"ImageObject\",\"inLanguage\":\"fr-FR\",\"@id\":\"https:\\\/\\\/grangeduchateau.be\\\/#\\\/schema\\\/logo\\\/image\\\/\",\"url\":\"https:\\\/\\\/grangeduchateau.be\\\/wp-content\\\/uploads\\\/2021\\\/11\\\/logo_vf_enattentedapprobation_Plan-de-travail-1.png\",\"contentUrl\":\"https:\\\/\\\/grangeduchateau.be\\\/wp-content\\\/uploads\\\/2021\\\/11\\\/logo_vf_enattentedapprobation_Plan-de-travail-1.png\",\"width\":1956,\"height\":1048,\"caption\":\"G\u00eete La Grange du Ch\u00e2teau\"},\"image\":{\"@id\":\"https:\\\/\\\/grangeduchateau.be\\\/#\\\/schema\\\/logo\\\/image\\\/\"},\"sameAs\":[\"https:\\\/\\\/www.facebook.com\\\/Lagrangeduchateau\"]}]}<\/script>\n<!-- \/ Yoast SEO plugin. -->","yoast_head_json":{"title":"Le G\u00eete - La Grange du Ch\u00e2teau","description":"Le g\u00eete, ses \u00e9quipements, les photos, les espaces de vie, les chambres, un projet durable et \u00e9co-responsable en phase avec l'environnement.","robots":{"index":"index","follow":"follow","max-snippet":"max-snippet:-1","max-image-preview":"max-image-preview:large","max-video-preview":"max-video-preview:-1"},"canonical":"https:\/\/grangeduchateau.be\/?page_id=437","og_locale":"fr_FR","og_type":"article","og_title":"Le G\u00eete - La Grange du Ch\u00e2teau","og_description":"Le g\u00eete, ses \u00e9quipements, les photos, les espaces de vie, les chambres, un projet durable et \u00e9co-responsable en phase avec l'environnement.","og_url":"https:\/\/grangeduchateau.be\/?page_id=437","og_site_name":"La Grange du Ch\u00e2teau","article_publisher":"https:\/\/www.facebook.com\/Lagrangeduchateau","article_modified_time":"2023-11-09T22:05:28+00:00","twitter_card":"summary_large_image","twitter_misc":{"Dur\u00e9e de lecture estim\u00e9e":"1 minute"},"schema":{"@context":"https:\/\/schema.org","@graph":[{"@type":"WebPage","@id":"https:\/\/grangeduchateau.be\/?page_id=437","url":"https:\/\/grangeduchateau.be\/?page_id=437","name":"Le G\u00eete - La Grange du Ch\u00e2teau","isPartOf":{"@id":"https:\/\/grangeduchateau.be\/#website"},"datePublished":"2022-02-08T21:07:35+00:00","dateModified":"2023-11-09T22:05:28+00:00","description":"Le g\u00eete, ses \u00e9quipements, les photos, les espaces de vie, les chambres, un projet durable et \u00e9co-responsable en phase avec l'environnement.","breadcrumb":{"@id":"https:\/\/grangeduchateau.be\/?page_id=437#breadcrumb"},"inLanguage":"fr-FR","potentialAction":[{"@type":"ReadAction","target":["https:\/\/grangeduchateau.be\/?page_id=437"]}]},{"@type":"BreadcrumbList","@id":"https:\/\/grangeduchateau.be\/?page_id=437#breadcrumb","itemListElement":[{"@type":"ListItem","position":1,"name":"Accueil","item":"https:\/\/grangeduchateau.be\/"},{"@type":"ListItem","position":2,"name":"Le G\u00eete"}]},{"@type":"WebSite","@id":"https:\/\/grangeduchateau.be\/#website","url":"https:\/\/grangeduchateau.be\/","name":"La Grange du Ch\u00e2teau","description":"Bienvenue au G\u00eete La Grange du Ch\u00e2teau \u00e0 Estaimbourg","publisher":{"@id":"https:\/\/grangeduchateau.be\/#organization"},"potentialAction":[{"@type":"SearchAction","target":{"@type":"EntryPoint","urlTemplate":"https:\/\/grangeduchateau.be\/?s={search_term_string}"},"query-input":{"@type":"PropertyValueSpecification","valueRequired":true,"valueName":"search_term_string"}}],"inLanguage":"fr-FR"},{"@type":"Organization","@id":"https:\/\/grangeduchateau.be\/#organization","name":"G\u00eete La Grange du Ch\u00e2teau","url":"https:\/\/grangeduchateau.be\/","logo":{"@type":"ImageObject","inLanguage":"fr-FR","@id":"https:\/\/grangeduchateau.be\/#\/schema\/logo\/image\/","url":"https:\/\/grangeduchateau.be\/wp-content\/uploads\/2021\/11\/logo_vf_enattentedapprobation_Plan-de-travail-1.png","contentUrl":"https:\/\/grangeduchateau.be\/wp-content\/uploads\/2021\/11\/logo_vf_enattentedapprobation_Plan-de-travail-1.png","width":1956,"height":1048,"caption":"G\u00eete La Grange du Ch\u00e2teau"},"image":{"@id":"https:\/\/grangeduchateau.be\/#\/schema\/logo\/image\/"},"sameAs":["https:\/\/www.facebook.com\/Lagrangeduchateau"]}]}},"_links":{"self":[{"href":"https:\/\/grangeduchateau.be\/index.php?rest_route=\/wp\/v2\/pages\/437","targetHints":{"allow":["GET"]}}],"collection":[{"href":"https:\/\/grangeduchateau.be\/index.php?rest_route=\/wp\/v2\/pages"}],"about":[{"href":"https:\/\/grangeduchateau.be\/index.php?rest_route=\/wp\/v2\/types\/page"}],"author":[{"embeddable":true,"href":"https:\/\/grangeduchateau.be\/index.php?rest_route=\/wp\/v2\/users\/1"}],"replies":[{"embeddable":true,"href":"https:\/\/grangeduchateau.be\/index.php?rest_route=%2Fwp%2Fv2%2Fcomments&post=437"}],"version-history":[{"count":16,"href":"https:\/\/grangeduchateau.be\/index.php?rest_route=\/wp\/v2\/pages\/437\/revisions"}],"predecessor-version":[{"id":673,"href":"https:\/\/grangeduchateau.be\/index.php?rest_route=\/wp\/v2\/pages\/437\/revisions\/673"}],"wp:attachment":[{"href":"https:\/\/grangeduchateau.be\/index.php?rest_route=%2Fwp%2Fv2%2Fmedia&parent=437"}],"curies":[{"name":"wp","href":"https:\/\/api.w.org\/{rel}","templated":true}]}}