{"id":547,"date":"2022-11-10T18:20:21","date_gmt":"2022-11-10T17:20:21","guid":{"rendered":"https:\/\/grangeduchateau.be\/?page_id=547"},"modified":"2023-11-09T23:00:14","modified_gmt":"2023-11-09T22:00:14","slug":"les-activites-proximite-estaimbourg-tournai-lille-courtrai","status":"publish","type":"page","link":"https:\/\/grangeduchateau.be\/?page_id=547","title":{"rendered":"Les activit\u00e9s"},"content":{"rendered":"\n<p><strong><em>Estaimpuis et \u00e0 proximit\u00e9<\/em><\/strong><\/p>\n\n\n\n<ul class=\"wp-block-list\">\n<li>Domaine de Bourgogne (parc, animations, d\u00e9gustation de bi\u00e8res locales et restauration)<\/li>\n\n\n\n<li>A la Cave de Bourgogne (d\u00e9gustation de bi\u00e8res locales et petite restauration)<\/li>\n\n\n\n<li>La maison du Canal (d\u00e9gustation de bi\u00e8res locales et restauration)<\/li>\n\n\n\n<li><a href=\"https:\/\/www.lamaisondeleaucourt.com\/index.html\" target=\"_blank\" rel=\"noreferrer noopener\">La Maison de L\u00e9aucourt<\/a> (site natura2000, RAVeL)<\/li>\n\n\n\n<li><a href=\"https:\/\/www.visitwapi.be\/sit\/le-mont-saint-aubert\/\" target=\"_blank\" rel=\"noreferrer noopener\">Le Mont Saint-Aubert<\/a><\/li>\n\n\n\n<li><a href=\"https:\/\/www.visitwapi.be\/les-spots-nature\/mont-de-lenclus\/\" target=\"_blank\" rel=\"noreferrer noopener\">Le Mont de l&rsquo;Enclus<\/a><\/li>\n\n\n\n<li><a href=\"https:\/\/ravel.wallonie.be\/home\/itineraires\/regional\/w4-canaux-fleuves-et-rivieres\/de-leers-nord-estaimpuis-a-tournai.html\" target=\"_blank\" rel=\"noreferrer noopener\">Sur le RAVeL du Canal de l&rsquo;Espierres et de l&rsquo;Escaut<\/a><\/li>\n<\/ul>\n\n\n\n<p><a href=\"https:\/\/www.visitwapi.be\/sites-et-musees\/\" target=\"_blank\" rel=\"noreferrer noopener\">D\u00e9couvrir sites &amp; mus\u00e9es (visitWAPI)<\/a> <\/p>\n\n\n\n<p><a href=\"https:\/\/www.visitwapi.be\/villes\/\" target=\"_blank\" rel=\"noreferrer noopener\">D\u00e9couvrir les villes (visitWAPI)<\/a><\/p>\n\n\n\n<ul class=\"wp-block-list\">\n<li><a href=\"https:\/\/www.visittournai.be\/\" target=\"_blank\" rel=\"noreferrer noopener\">Tournai (visitTournai.be)<\/a><\/li>\n\n\n\n<li><a href=\"https:\/\/www.toerismekortrijk.be\/fr\" target=\"_blank\" rel=\"noreferrer noopener\">Courtrai (toerismekortrijk.be)<\/a><\/li>\n\n\n\n<li><a href=\"https:\/\/www.lilletourism.com\/\" target=\"_blank\" rel=\"noreferrer noopener\">Lille (Office de Tourisme de Lille)<\/a><\/li>\n<\/ul>\n\n\n\n<p><a href=\"https:\/\/www.visitwapi.be\/chateaux\/\" target=\"_blank\" rel=\"noreferrer noopener\">D\u00e9couvrir les ch\u00e2teaux de Wallonie picarde (visitWAPI)<\/a><\/p>\n\n\n\n<p><a href=\"https:\/\/www.visitwapi.be\/activites-de-loisir\/\" target=\"_blank\" rel=\"noreferrer noopener\">Les activit\u00e9s de loisirs (visitWAPI)<\/a><\/p>\n\n\n\n<p><a href=\"https:\/\/www.visitwapi.be\/manger-local\/brasseries-plus-de-100-bieres\/\" target=\"_blank\" rel=\"noreferrer noopener\">30 brasseries, plus de 100 bi\u00e8res dans notre r\u00e9gion (VisitWAPI)<\/a><\/p>\n\n\n\n<p><a href=\"https:\/\/www.visitwapi.be\/les-spots-nature\/\" target=\"_blank\" rel=\"noreferrer noopener\">Les spots Nature<\/a><\/p>\n\n\n\n<p><a href=\"https:\/\/www.visitwapi.be\/la-wapi-pied\/\" target=\"_blank\" rel=\"noreferrer noopener\">La Wallonie picarde \u00e0 pied (700 km de balade)<\/a> <a href=\"https:\/\/www.visitwapi.be\/la-wapi-velo\/\" target=\"_blank\" rel=\"noreferrer noopener\">ou \u00e0 v\u00e9lo (1600 km de points noeuds)<\/a><\/p>\n\n\n\n<p><a href=\"https:\/\/www.visitwapi.be\/les-balades-ludiques\/\" target=\"_blank\" rel=\"noreferrer noopener\">Les balades ludiques<\/a><\/p>\n","protected":false},"excerpt":{"rendered":"<p>Estaimpuis et \u00e0 proximit\u00e9 D\u00e9couvrir sites &amp; mus\u00e9es (visitWAPI) D\u00e9couvrir les villes (visitWAPI) D\u00e9couvrir les ch\u00e2teaux de Wallonie picarde (visitWAPI) Les activit\u00e9s de loisirs (visitWAPI) 30 brasseries, plus de 100 bi\u00e8res dans notre r\u00e9gion (VisitWAPI) Les spots Nature La Wallonie picarde \u00e0 pied (700 km de balade) ou \u00e0 v\u00e9lo (1600 km de points noeuds) Les balades ludiques<\/p>\n","protected":false},"author":1,"featured_media":0,"parent":11,"menu_order":0,"comment_status":"closed","ping_status":"closed","template":"","meta":{"footnotes":""},"class_list":["post-547","page","type-page","status-publish","hentry"],"yoast_head":"<!-- This site is optimized with the Yoast SEO plugin v27.3 - https:\/\/yoast.com\/product\/yoast-seo-wordpress\/ -->\n<title>Les activit\u00e9s - La Grange du Ch\u00e2teau<\/title>\n<meta name=\"description\" content=\"Les activit\u00e9s en Wallonie Picarde et \u00e0 proximit\u00e9 du g\u00eete La Grange du Ch\u00e2teau \u00e0 Estaimbourg. Art, mus\u00e9es, culture, sport. Estaimpuis\" \/>\n<meta name=\"robots\" content=\"index, follow, max-snippet:-1, max-image-preview:large, max-video-preview:-1\" \/>\n<link rel=\"canonical\" href=\"https:\/\/grangeduchateau.be\/?page_id=547\" \/>\n<meta property=\"og:locale\" content=\"fr_FR\" \/>\n<meta property=\"og:type\" content=\"article\" \/>\n<meta property=\"og:title\" content=\"Les activit\u00e9s - La Grange du Ch\u00e2teau\" \/>\n<meta property=\"og:description\" content=\"Les activit\u00e9s en Wallonie Picarde et \u00e0 proximit\u00e9 du g\u00eete La Grange du Ch\u00e2teau \u00e0 Estaimbourg. Art, mus\u00e9es, culture, sport. Estaimpuis\" \/>\n<meta property=\"og:url\" content=\"https:\/\/grangeduchateau.be\/?page_id=547\" \/>\n<meta property=\"og:site_name\" content=\"La Grange du Ch\u00e2teau\" \/>\n<meta property=\"article:publisher\" content=\"https:\/\/www.facebook.com\/Lagrangeduchateau\" \/>\n<meta property=\"article:modified_time\" content=\"2023-11-09T22:00:14+00:00\" \/>\n<meta name=\"twitter:card\" content=\"summary_large_image\" \/>\n<meta name=\"twitter:label1\" content=\"Dur\u00e9e de lecture estim\u00e9e\" \/>\n\t<meta name=\"twitter:data1\" content=\"1 minute\" \/>\n<script type=\"application\/ld+json\" class=\"yoast-schema-graph\">{\"@context\":\"https:\\\/\\\/schema.org\",\"@graph\":[{\"@type\":\"WebPage\",\"@id\":\"https:\\\/\\\/grangeduchateau.be\\\/?page_id=547\",\"url\":\"https:\\\/\\\/grangeduchateau.be\\\/?page_id=547\",\"name\":\"Les activit\u00e9s - La Grange du Ch\u00e2teau\",\"isPartOf\":{\"@id\":\"https:\\\/\\\/grangeduchateau.be\\\/#website\"},\"datePublished\":\"2022-11-10T17:20:21+00:00\",\"dateModified\":\"2023-11-09T22:00:14+00:00\",\"description\":\"Les activit\u00e9s en Wallonie Picarde et \u00e0 proximit\u00e9 du g\u00eete La Grange du Ch\u00e2teau \u00e0 Estaimbourg. Art, mus\u00e9es, culture, sport. Estaimpuis\",\"breadcrumb\":{\"@id\":\"https:\\\/\\\/grangeduchateau.be\\\/?page_id=547#breadcrumb\"},\"inLanguage\":\"fr-FR\",\"potentialAction\":[{\"@type\":\"ReadAction\",\"target\":[\"https:\\\/\\\/grangeduchateau.be\\\/?page_id=547\"]}]},{\"@type\":\"BreadcrumbList\",\"@id\":\"https:\\\/\\\/grangeduchateau.be\\\/?page_id=547#breadcrumb\",\"itemListElement\":[{\"@type\":\"ListItem\",\"position\":1,\"name\":\"Accueil\",\"item\":\"https:\\\/\\\/grangeduchateau.be\\\/\"},{\"@type\":\"ListItem\",\"position\":2,\"name\":\"\u00c0 propos de&#8230;\",\"item\":\"https:\\\/\\\/grangeduchateau.be\\\/?page_id=11\"},{\"@type\":\"ListItem\",\"position\":3,\"name\":\"Les activit\u00e9s\"}]},{\"@type\":\"WebSite\",\"@id\":\"https:\\\/\\\/grangeduchateau.be\\\/#website\",\"url\":\"https:\\\/\\\/grangeduchateau.be\\\/\",\"name\":\"La Grange du Ch\u00e2teau\",\"description\":\"Bienvenue au G\u00eete La Grange du Ch\u00e2teau \u00e0 Estaimbourg\",\"publisher\":{\"@id\":\"https:\\\/\\\/grangeduchateau.be\\\/#organization\"},\"potentialAction\":[{\"@type\":\"SearchAction\",\"target\":{\"@type\":\"EntryPoint\",\"urlTemplate\":\"https:\\\/\\\/grangeduchateau.be\\\/?s={search_term_string}\"},\"query-input\":{\"@type\":\"PropertyValueSpecification\",\"valueRequired\":true,\"valueName\":\"search_term_string\"}}],\"inLanguage\":\"fr-FR\"},{\"@type\":\"Organization\",\"@id\":\"https:\\\/\\\/grangeduchateau.be\\\/#organization\",\"name\":\"G\u00eete La Grange du Ch\u00e2teau\",\"url\":\"https:\\\/\\\/grangeduchateau.be\\\/\",\"logo\":{\"@type\":\"ImageObject\",\"inLanguage\":\"fr-FR\",\"@id\":\"https:\\\/\\\/grangeduchateau.be\\\/#\\\/schema\\\/logo\\\/image\\\/\",\"url\":\"https:\\\/\\\/grangeduchateau.be\\\/wp-content\\\/uploads\\\/2021\\\/11\\\/logo_vf_enattentedapprobation_Plan-de-travail-1.png\",\"contentUrl\":\"https:\\\/\\\/grangeduchateau.be\\\/wp-content\\\/uploads\\\/2021\\\/11\\\/logo_vf_enattentedapprobation_Plan-de-travail-1.png\",\"width\":1956,\"height\":1048,\"caption\":\"G\u00eete La Grange du Ch\u00e2teau\"},\"image\":{\"@id\":\"https:\\\/\\\/grangeduchateau.be\\\/#\\\/schema\\\/logo\\\/image\\\/\"},\"sameAs\":[\"https:\\\/\\\/www.facebook.com\\\/Lagrangeduchateau\"]}]}<\/script>\n<!-- \/ Yoast SEO plugin. -->","yoast_head_json":{"title":"Les activit\u00e9s - La Grange du Ch\u00e2teau","description":"Les activit\u00e9s en Wallonie Picarde et \u00e0 proximit\u00e9 du g\u00eete La Grange du Ch\u00e2teau \u00e0 Estaimbourg. Art, mus\u00e9es, culture, sport. Estaimpuis","robots":{"index":"index","follow":"follow","max-snippet":"max-snippet:-1","max-image-preview":"max-image-preview:large","max-video-preview":"max-video-preview:-1"},"canonical":"https:\/\/grangeduchateau.be\/?page_id=547","og_locale":"fr_FR","og_type":"article","og_title":"Les activit\u00e9s - La Grange du Ch\u00e2teau","og_description":"Les activit\u00e9s en Wallonie Picarde et \u00e0 proximit\u00e9 du g\u00eete La Grange du Ch\u00e2teau \u00e0 Estaimbourg. Art, mus\u00e9es, culture, sport. Estaimpuis","og_url":"https:\/\/grangeduchateau.be\/?page_id=547","og_site_name":"La Grange du Ch\u00e2teau","article_publisher":"https:\/\/www.facebook.com\/Lagrangeduchateau","article_modified_time":"2023-11-09T22:00:14+00:00","twitter_card":"summary_large_image","twitter_misc":{"Dur\u00e9e de lecture estim\u00e9e":"1 minute"},"schema":{"@context":"https:\/\/schema.org","@graph":[{"@type":"WebPage","@id":"https:\/\/grangeduchateau.be\/?page_id=547","url":"https:\/\/grangeduchateau.be\/?page_id=547","name":"Les activit\u00e9s - La Grange du Ch\u00e2teau","isPartOf":{"@id":"https:\/\/grangeduchateau.be\/#website"},"datePublished":"2022-11-10T17:20:21+00:00","dateModified":"2023-11-09T22:00:14+00:00","description":"Les activit\u00e9s en Wallonie Picarde et \u00e0 proximit\u00e9 du g\u00eete La Grange du Ch\u00e2teau \u00e0 Estaimbourg. Art, mus\u00e9es, culture, sport. Estaimpuis","breadcrumb":{"@id":"https:\/\/grangeduchateau.be\/?page_id=547#breadcrumb"},"inLanguage":"fr-FR","potentialAction":[{"@type":"ReadAction","target":["https:\/\/grangeduchateau.be\/?page_id=547"]}]},{"@type":"BreadcrumbList","@id":"https:\/\/grangeduchateau.be\/?page_id=547#breadcrumb","itemListElement":[{"@type":"ListItem","position":1,"name":"Accueil","item":"https:\/\/grangeduchateau.be\/"},{"@type":"ListItem","position":2,"name":"\u00c0 propos de&#8230;","item":"https:\/\/grangeduchateau.be\/?page_id=11"},{"@type":"ListItem","position":3,"name":"Les activit\u00e9s"}]},{"@type":"WebSite","@id":"https:\/\/grangeduchateau.be\/#website","url":"https:\/\/grangeduchateau.be\/","name":"La Grange du Ch\u00e2teau","description":"Bienvenue au G\u00eete La Grange du Ch\u00e2teau \u00e0 Estaimbourg","publisher":{"@id":"https:\/\/grangeduchateau.be\/#organization"},"potentialAction":[{"@type":"SearchAction","target":{"@type":"EntryPoint","urlTemplate":"https:\/\/grangeduchateau.be\/?s={search_term_string}"},"query-input":{"@type":"PropertyValueSpecification","valueRequired":true,"valueName":"search_term_string"}}],"inLanguage":"fr-FR"},{"@type":"Organization","@id":"https:\/\/grangeduchateau.be\/#organization","name":"G\u00eete La Grange du Ch\u00e2teau","url":"https:\/\/grangeduchateau.be\/","logo":{"@type":"ImageObject","inLanguage":"fr-FR","@id":"https:\/\/grangeduchateau.be\/#\/schema\/logo\/image\/","url":"https:\/\/grangeduchateau.be\/wp-content\/uploads\/2021\/11\/logo_vf_enattentedapprobation_Plan-de-travail-1.png","contentUrl":"https:\/\/grangeduchateau.be\/wp-content\/uploads\/2021\/11\/logo_vf_enattentedapprobation_Plan-de-travail-1.png","width":1956,"height":1048,"caption":"G\u00eete La Grange du Ch\u00e2teau"},"image":{"@id":"https:\/\/grangeduchateau.be\/#\/schema\/logo\/image\/"},"sameAs":["https:\/\/www.facebook.com\/Lagrangeduchateau"]}]}},"_links":{"self":[{"href":"https:\/\/grangeduchateau.be\/index.php?rest_route=\/wp\/v2\/pages\/547","targetHints":{"allow":["GET"]}}],"collection":[{"href":"https:\/\/grangeduchateau.be\/index.php?rest_route=\/wp\/v2\/pages"}],"about":[{"href":"https:\/\/grangeduchateau.be\/index.php?rest_route=\/wp\/v2\/types\/page"}],"author":[{"embeddable":true,"href":"https:\/\/grangeduchateau.be\/index.php?rest_route=\/wp\/v2\/users\/1"}],"replies":[{"embeddable":true,"href":"https:\/\/grangeduchateau.be\/index.php?rest_route=%2Fwp%2Fv2%2Fcomments&post=547"}],"version-history":[{"count":3,"href":"https:\/\/grangeduchateau.be\/index.php?rest_route=\/wp\/v2\/pages\/547\/revisions"}],"predecessor-version":[{"id":639,"href":"https:\/\/grangeduchateau.be\/index.php?rest_route=\/wp\/v2\/pages\/547\/revisions\/639"}],"up":[{"embeddable":true,"href":"https:\/\/grangeduchateau.be\/index.php?rest_route=\/wp\/v2\/pages\/11"}],"wp:attachment":[{"href":"https:\/\/grangeduchateau.be\/index.php?rest_route=%2Fwp%2Fv2%2Fmedia&parent=547"}],"curies":[{"name":"wp","href":"https:\/\/api.w.org\/{rel}","templated":true}]}}